{"id":9693,"date":"2024-01-28T21:04:41","date_gmt":"2024-01-28T21:04:41","guid":{"rendered":"https:\/\/autopedant.ee\/about\/"},"modified":"2024-02-19T05:56:19","modified_gmt":"2024-02-19T05:56:19","slug":"about","status":"publish","type":"page","link":"https:\/\/autopedant.ee\/et\/about\/","title":{"rendered":"Meist"},"content":{"rendered":"\t\t<div data-elementor-type=\"wp-page\" data-elementor-id=\"9693\" class=\"elementor elementor-9693 elementor-8615\">\n\t\t\t\t<div class=\"elementor-element elementor-element-1f0db7c e-flex e-con-boxed e-con e-parent\" data-id=\"1f0db7c\" data-element_type=\"container\">\n\t\t\t\t\t<div class=\"e-con-inner\">\n\t\t\t\t<div class=\"elementor-element elementor-element-6876909 elementor-widget elementor-widget-image\" data-id=\"6876909\" data-element_type=\"widget\" data-widget_type=\"image.default\">\n\t\t\t\t<div class=\"elementor-widget-container\">\n\t\t\t\t\t\t\t\t\t\t\t\t\t\t\t<img fetchpriority=\"high\" decoding=\"async\" width=\"768\" height=\"178\" src=\"https:\/\/autopedant.ee\/wp-content\/uploads\/elementor\/thumbs\/xstore-placeholder-qiuemmplh2l2jtx4i8w73ebzp9rst6ty5f2zj59ka0.png\" class=\"attachment-medium_large size-medium_large wp-image-9654 lazyload lazyload-simple et-lazyload-fadeIn\" alt=\"\" sizes=\"(max-width: 768px) 100vw, 768px\" data-src=\"https:\/\/autopedant.ee\/wp-content\/uploads\/2017\/03\/fulllogo-768x178.png\" data-srcset=\"https:\/\/autopedant.ee\/wp-content\/uploads\/2017\/03\/fulllogo-768x178.png 768w, https:\/\/autopedant.ee\/wp-content\/uploads\/2017\/03\/fulllogo-600x139.png 600w, https:\/\/autopedant.ee\/wp-content\/uploads\/2017\/03\/fulllogo-300x69.png 300w, https:\/\/autopedant.ee\/wp-content\/uploads\/2017\/03\/fulllogo-1024x237.png 1024w, https:\/\/autopedant.ee\/wp-content\/uploads\/2017\/03\/fulllogo-1x1.png 1w, https:\/\/autopedant.ee\/wp-content\/uploads\/2017\/03\/fulllogo-10x2.png 10w, https:\/\/autopedant.ee\/wp-content\/uploads\/2017\/03\/fulllogo.png 1136w\" \/>\t\t\t\t\t\t\t\t\t\t\t\t\t\t\t<\/div>\n\t\t\t\t<\/div>\n\t\t\t\t\t<\/div>\n\t\t\t\t<\/div>\n\t\t\t\t<section class=\"elementor-section elementor-top-section elementor-element elementor-element-63c36fce elementor-section-boxed elementor-section-height-default elementor-section-height-default elementor-invisible\" data-id=\"63c36fce\" data-element_type=\"section\" data-settings=\"{&quot;animation&quot;:&quot;fadeInUp&quot;}\">\n\t\t\t\t\t\t<div class=\"elementor-container elementor-column-gap-no\">\n\t\t\t\t\t<div class=\"elementor-column elementor-col-100 elementor-top-column elementor-element elementor-element-789dd059\" data-id=\"789dd059\" data-element_type=\"column\">\n\t\t\t<div class=\"elementor-widget-wrap elementor-element-populated\">\n\t\t\t\t\t\t<div class=\"elementor-element elementor-element-5ffd2d3e elementor-widget elementor-widget-heading\" data-id=\"5ffd2d3e\" data-element_type=\"widget\" data-widget_type=\"heading.default\">\n\t\t\t\t<div class=\"elementor-widget-container\">\n\t\t\t\t\t<h2 class=\"elementor-heading-title elementor-size-small\">MiSSIOON JA VISIOON<\/h2>\t\t\t\t<\/div>\n\t\t\t\t<\/div>\n\t\t\t\t\t<\/div>\n\t\t<\/div>\n\t\t\t\t\t<\/div>\n\t\t<\/section>\n\t\t\t\t<section class=\"elementor-section elementor-inner-section elementor-element elementor-element-5516e55d elementor-section-boxed elementor-section-height-default elementor-section-height-default\" data-id=\"5516e55d\" data-element_type=\"section\">\n\t\t\t\t\t\t<div class=\"elementor-container elementor-column-gap-default\">\n\t\t\t\t\t<div class=\"elementor-column elementor-col-50 elementor-inner-column elementor-element elementor-element-4530e843\" data-id=\"4530e843\" data-element_type=\"column\">\n\t\t\t<div class=\"elementor-widget-wrap elementor-element-populated\">\n\t\t\t\t\t\t<div class=\"elementor-element elementor-element-22f4a38e elementor-widget elementor-widget-heading\" data-id=\"22f4a38e\" data-element_type=\"widget\" data-widget_type=\"heading.default\">\n\t\t\t\t<div class=\"elementor-widget-container\">\n\t\t\t\t\t<h2 class=\"elementor-heading-title elementor-size-default\">M<\/h2>\t\t\t\t<\/div>\n\t\t\t\t<\/div>\n\t\t\t\t\t<\/div>\n\t\t<\/div>\n\t\t\t\t<div class=\"elementor-column elementor-col-50 elementor-inner-column elementor-element elementor-element-37b8af2b\" data-id=\"37b8af2b\" data-element_type=\"column\">\n\t\t\t<div class=\"elementor-widget-wrap elementor-element-populated\">\n\t\t\t\t\t\t<div class=\"elementor-element elementor-element-66203acd elementor-widget elementor-widget-heading\" data-id=\"66203acd\" data-element_type=\"widget\" data-widget_type=\"heading.default\">\n\t\t\t\t<div class=\"elementor-widget-container\">\n\t\t\t\t\t<h2 class=\"elementor-heading-title elementor-size-default\">Teretulemast meie Veebipood!<\/h2>\t\t\t\t<\/div>\n\t\t\t\t<\/div>\n\t\t\t\t<div class=\"elementor-element elementor-element-ae44659 elementor-widget elementor-widget-text-editor\" data-id=\"ae44659\" data-element_type=\"widget\" data-widget_type=\"text-editor.default\">\n\t\t\t\t<div class=\"elementor-widget-container\">\n\t\t\t\t\t\t\t\t\t<p>Autopedantis usume, et iga auto v\u00e4\u00e4rib parimat hoolt ja t\u00e4helepanu. Meie autohoolitsuskaupadele p\u00fchendunud E-pood on rohkem kui lihtsalt sihtkoht; see on pelgupaik nii entusiastidele kui ka perfektsionistidele. Kui alustate meiega teekonda, avastate maailma, kus kirg p\u00f5imub laitmatult t\u00e4iuslikkusega, luues kureeritud kollektsiooni esmaklassilisi autopesukomplekte ja tooteid.<\/p>\t\t\t\t\t\t\t\t<\/div>\n\t\t\t\t<\/div>\n\t\t\t\t\t<\/div>\n\t\t<\/div>\n\t\t\t\t\t<\/div>\n\t\t<\/section>\n\t\t\t\t<section class=\"elementor-section elementor-inner-section elementor-element elementor-element-e16a0b0 elementor-section-boxed elementor-section-height-default elementor-section-height-default\" data-id=\"e16a0b0\" data-element_type=\"section\">\n\t\t\t\t\t\t<div class=\"elementor-container elementor-column-gap-default\">\n\t\t\t\t\t<div class=\"elementor-column elementor-col-50 elementor-inner-column elementor-element elementor-element-6352406\" data-id=\"6352406\" data-element_type=\"column\">\n\t\t\t<div class=\"elementor-widget-wrap elementor-element-populated\">\n\t\t\t\t\t\t<div class=\"elementor-element elementor-element-2e3c743 elementor-widget elementor-widget-heading\" data-id=\"2e3c743\" data-element_type=\"widget\" data-widget_type=\"heading.default\">\n\t\t\t\t<div class=\"elementor-widget-container\">\n\t\t\t\t\t<h2 class=\"elementor-heading-title elementor-size-default\">V<\/h2>\t\t\t\t<\/div>\n\t\t\t\t<\/div>\n\t\t\t\t\t<\/div>\n\t\t<\/div>\n\t\t\t\t<div class=\"elementor-column elementor-col-50 elementor-inner-column elementor-element elementor-element-8efa0b8\" data-id=\"8efa0b8\" data-element_type=\"column\">\n\t\t\t<div class=\"elementor-widget-wrap elementor-element-populated\">\n\t\t\t\t\t\t<div class=\"elementor-element elementor-element-1ec4837 elementor-widget elementor-widget-heading\" data-id=\"1ec4837\" data-element_type=\"widget\" data-widget_type=\"heading.default\">\n\t\t\t\t<div class=\"elementor-widget-container\">\n\t\t\t\t\t<h2 class=\"elementor-heading-title elementor-size-default\">Where passion meets perfection<\/h2>\t\t\t\t<\/div>\n\t\t\t\t<\/div>\n\t\t\t\t<div class=\"elementor-element elementor-element-5b6a5d9 elementor-widget elementor-widget-text-editor\" data-id=\"5b6a5d9\" data-element_type=\"widget\" data-widget_type=\"text-editor.default\">\n\t\t\t\t<div class=\"elementor-widget-container\">\n\t\t\t\t\t\t\t\t\t<p>See pole lihtsalt loosung ja slogan. See on meie juhtm\u00f5te. Autopedandis m\u00f5istame s\u00fcgavat seost autode omanike ja nende armsate s\u00f5idukite vahel. See kirg innustab meid hoolikalt kureerima valikut autopesutooteid, mis mitte ainult ei vasta, vaid \u00fcletavad autode t\u00e4iuslikkuse standardeid. Alates p\u00f5hjalikust detailimisest kuni teie s\u00f5iduki laitmatu viimistluse kaitsmiseni on Autopedant teie partner oma s\u00f5iduriista ilu ja terviklikkuse s\u00e4ilitamisel.<\/p>\t\t\t\t\t\t\t\t<\/div>\n\t\t\t\t<\/div>\n\t\t\t\t\t<\/div>\n\t\t<\/div>\n\t\t\t\t\t<\/div>\n\t\t<\/section>\n\t\t\t\t<\/div>\n\t\t","protected":false},"excerpt":{"rendered":"<p>MiSSIOON JA VISIOON M Teretulemast meie Veebipood! Autopedantis usume, et iga auto v\u00e4\u00e4rib parimat hoolt ja t\u00e4helepanu. Meie autohoolitsuskaupadele p\u00fchendunud E-pood on rohkem kui lihtsalt sihtkoht; see on pelgupaik nii entusiastidele kui ka perfektsionistidele. Kui alustate meiega teekonda, avastate maailma, kus kirg p\u00f5imub laitmatult t\u00e4iuslikkusega, luues kureeritud kollektsiooni esmaklassilisi autopesukomplekte ja tooteid. V Where passion meets perfection See pole lihtsalt loosung ja slogan. See on&#8230;<\/p>\n","protected":false},"author":1,"featured_media":0,"parent":0,"menu_order":0,"comment_status":"closed","ping_status":"closed","template":"","meta":{"footnotes":""},"class_list":["post-9693","page","type-page","status-publish","hentry"],"yoast_head":"<!-- This site is optimized with the Yoast SEO plugin v25.7 - https:\/\/yoast.com\/wordpress\/plugins\/seo\/ -->\n<title>Meist - Autopedant | Car Care Store<\/title>\n<meta name=\"description\" content=\"Where passion meets perfection!\" \/>\n<meta name=\"robots\" content=\"index, follow, max-snippet:-1, max-image-preview:large, max-video-preview:-1\" \/>\n<link rel=\"canonical\" href=\"https:\/\/autopedant.ee\/et\/about\/\" \/>\n<meta property=\"og:locale\" content=\"et_EE\" \/>\n<meta property=\"og:type\" content=\"article\" \/>\n<meta property=\"og:title\" content=\"Meie missioon ja visioon | Autopedant\" \/>\n<meta property=\"og:description\" content=\"Where passion meets perfection!\" \/>\n<meta property=\"og:url\" content=\"https:\/\/autopedant.ee\/et\/about\/\" \/>\n<meta property=\"og:site_name\" content=\"Autopedant | Car Care Store\" \/>\n<meta property=\"article:modified_time\" content=\"2024-02-19T05:56:19+00:00\" \/>\n<meta property=\"og:image\" content=\"https:\/\/autopedant.ee\/wp-content\/uploads\/2024\/02\/comingsoon.jpg\" \/>\n\t<meta property=\"og:image:width\" content=\"2048\" \/>\n\t<meta property=\"og:image:height\" content=\"1360\" \/>\n\t<meta property=\"og:image:type\" content=\"image\/jpeg\" \/>\n<meta name=\"twitter:card\" content=\"summary_large_image\" \/>\n<meta name=\"twitter:label1\" content=\"Est. reading time\" \/>\n\t<meta name=\"twitter:data1\" content=\"1 minut\" \/>\n<script type=\"application\/ld+json\" class=\"yoast-schema-graph\">{\"@context\":\"https:\/\/schema.org\",\"@graph\":[{\"@type\":\"WebPage\",\"@id\":\"https:\/\/autopedant.ee\/et\/about\/\",\"url\":\"https:\/\/autopedant.ee\/et\/about\/\",\"name\":\"Meist - Autopedant | Car Care Store\",\"isPartOf\":{\"@id\":\"https:\/\/autopedant.ee\/et\/#website\"},\"primaryImageOfPage\":{\"@id\":\"https:\/\/autopedant.ee\/et\/about\/#primaryimage\"},\"image\":{\"@id\":\"https:\/\/autopedant.ee\/et\/about\/#primaryimage\"},\"thumbnailUrl\":\"https:\/\/autopedant.ee\/wp-content\/uploads\/2017\/03\/fulllogo-768x178.png\",\"datePublished\":\"2024-01-28T21:04:41+00:00\",\"dateModified\":\"2024-02-19T05:56:19+00:00\",\"description\":\"Where passion meets perfection!\",\"breadcrumb\":{\"@id\":\"https:\/\/autopedant.ee\/et\/about\/#breadcrumb\"},\"inLanguage\":\"et\",\"potentialAction\":[{\"@type\":\"ReadAction\",\"target\":[\"https:\/\/autopedant.ee\/et\/about\/\"]}]},{\"@type\":\"ImageObject\",\"inLanguage\":\"et\",\"@id\":\"https:\/\/autopedant.ee\/et\/about\/#primaryimage\",\"url\":\"https:\/\/autopedant.ee\/wp-content\/uploads\/2017\/03\/fulllogo-768x178.png\",\"contentUrl\":\"https:\/\/autopedant.ee\/wp-content\/uploads\/2017\/03\/fulllogo-768x178.png\"},{\"@type\":\"BreadcrumbList\",\"@id\":\"https:\/\/autopedant.ee\/et\/about\/#breadcrumb\",\"itemListElement\":[{\"@type\":\"ListItem\",\"position\":1,\"name\":\"Esileht\",\"item\":\"https:\/\/autopedant.ee\/et\/\"},{\"@type\":\"ListItem\",\"position\":2,\"name\":\"Meist\"}]},{\"@type\":\"WebSite\",\"@id\":\"https:\/\/autopedant.ee\/et\/#website\",\"url\":\"https:\/\/autopedant.ee\/et\/\",\"name\":\"Autopedant\",\"description\":\"Where passion meets perfection!\",\"publisher\":{\"@id\":\"https:\/\/autopedant.ee\/et\/#organization\"},\"potentialAction\":[{\"@type\":\"SearchAction\",\"target\":{\"@type\":\"EntryPoint\",\"urlTemplate\":\"https:\/\/autopedant.ee\/et\/?s={search_term_string}\"},\"query-input\":{\"@type\":\"PropertyValueSpecification\",\"valueRequired\":true,\"valueName\":\"search_term_string\"}}],\"inLanguage\":\"et\"},{\"@type\":\"Organization\",\"@id\":\"https:\/\/autopedant.ee\/et\/#organization\",\"name\":\"Autopedant\",\"url\":\"https:\/\/autopedant.ee\/et\/\",\"logo\":{\"@type\":\"ImageObject\",\"inLanguage\":\"et\",\"@id\":\"https:\/\/autopedant.ee\/et\/#\/schema\/logo\/image\/\",\"url\":\"https:\/\/autopedant.ee\/wp-content\/uploads\/2017\/03\/fulllogo.png\",\"contentUrl\":\"https:\/\/autopedant.ee\/wp-content\/uploads\/2017\/03\/fulllogo.png\",\"width\":1136,\"height\":263,\"caption\":\"Autopedant\"},\"image\":{\"@id\":\"https:\/\/autopedant.ee\/et\/#\/schema\/logo\/image\/\"}}]}<\/script>\n<!-- \/ Yoast SEO plugin. -->","yoast_head_json":{"title":"Meist - Autopedant | Car Care Store","description":"Where passion meets perfection!","robots":{"index":"index","follow":"follow","max-snippet":"max-snippet:-1","max-image-preview":"max-image-preview:large","max-video-preview":"max-video-preview:-1"},"canonical":"https:\/\/autopedant.ee\/et\/about\/","og_locale":"et_EE","og_type":"article","og_title":"Meie missioon ja visioon | Autopedant","og_description":"Where passion meets perfection!","og_url":"https:\/\/autopedant.ee\/et\/about\/","og_site_name":"Autopedant | Car Care Store","article_modified_time":"2024-02-19T05:56:19+00:00","og_image":[{"width":2048,"height":1360,"url":"https:\/\/autopedant.ee\/wp-content\/uploads\/2024\/02\/comingsoon.jpg","type":"image\/jpeg"}],"twitter_card":"summary_large_image","twitter_misc":{"Est. reading time":"1 minut"},"schema":{"@context":"https:\/\/schema.org","@graph":[{"@type":"WebPage","@id":"https:\/\/autopedant.ee\/et\/about\/","url":"https:\/\/autopedant.ee\/et\/about\/","name":"Meist - Autopedant | Car Care Store","isPartOf":{"@id":"https:\/\/autopedant.ee\/et\/#website"},"primaryImageOfPage":{"@id":"https:\/\/autopedant.ee\/et\/about\/#primaryimage"},"image":{"@id":"https:\/\/autopedant.ee\/et\/about\/#primaryimage"},"thumbnailUrl":"https:\/\/autopedant.ee\/wp-content\/uploads\/2017\/03\/fulllogo-768x178.png","datePublished":"2024-01-28T21:04:41+00:00","dateModified":"2024-02-19T05:56:19+00:00","description":"Where passion meets perfection!","breadcrumb":{"@id":"https:\/\/autopedant.ee\/et\/about\/#breadcrumb"},"inLanguage":"et","potentialAction":[{"@type":"ReadAction","target":["https:\/\/autopedant.ee\/et\/about\/"]}]},{"@type":"ImageObject","inLanguage":"et","@id":"https:\/\/autopedant.ee\/et\/about\/#primaryimage","url":"https:\/\/autopedant.ee\/wp-content\/uploads\/2017\/03\/fulllogo-768x178.png","contentUrl":"https:\/\/autopedant.ee\/wp-content\/uploads\/2017\/03\/fulllogo-768x178.png"},{"@type":"BreadcrumbList","@id":"https:\/\/autopedant.ee\/et\/about\/#breadcrumb","itemListElement":[{"@type":"ListItem","position":1,"name":"Esileht","item":"https:\/\/autopedant.ee\/et\/"},{"@type":"ListItem","position":2,"name":"Meist"}]},{"@type":"WebSite","@id":"https:\/\/autopedant.ee\/et\/#website","url":"https:\/\/autopedant.ee\/et\/","name":"Autopedant","description":"Where passion meets perfection!","publisher":{"@id":"https:\/\/autopedant.ee\/et\/#organization"},"potentialAction":[{"@type":"SearchAction","target":{"@type":"EntryPoint","urlTemplate":"https:\/\/autopedant.ee\/et\/?s={search_term_string}"},"query-input":{"@type":"PropertyValueSpecification","valueRequired":true,"valueName":"search_term_string"}}],"inLanguage":"et"},{"@type":"Organization","@id":"https:\/\/autopedant.ee\/et\/#organization","name":"Autopedant","url":"https:\/\/autopedant.ee\/et\/","logo":{"@type":"ImageObject","inLanguage":"et","@id":"https:\/\/autopedant.ee\/et\/#\/schema\/logo\/image\/","url":"https:\/\/autopedant.ee\/wp-content\/uploads\/2017\/03\/fulllogo.png","contentUrl":"https:\/\/autopedant.ee\/wp-content\/uploads\/2017\/03\/fulllogo.png","width":1136,"height":263,"caption":"Autopedant"},"image":{"@id":"https:\/\/autopedant.ee\/et\/#\/schema\/logo\/image\/"}}]}},"_links":{"self":[{"href":"https:\/\/autopedant.ee\/et\/wp-json\/wp\/v2\/pages\/9693","targetHints":{"allow":["GET"]}}],"collection":[{"href":"https:\/\/autopedant.ee\/et\/wp-json\/wp\/v2\/pages"}],"about":[{"href":"https:\/\/autopedant.ee\/et\/wp-json\/wp\/v2\/types\/page"}],"author":[{"embeddable":true,"href":"https:\/\/autopedant.ee\/et\/wp-json\/wp\/v2\/users\/1"}],"replies":[{"embeddable":true,"href":"https:\/\/autopedant.ee\/et\/wp-json\/wp\/v2\/comments?post=9693"}],"version-history":[{"count":5,"href":"https:\/\/autopedant.ee\/et\/wp-json\/wp\/v2\/pages\/9693\/revisions"}],"predecessor-version":[{"id":10246,"href":"https:\/\/autopedant.ee\/et\/wp-json\/wp\/v2\/pages\/9693\/revisions\/10246"}],"wp:attachment":[{"href":"https:\/\/autopedant.ee\/et\/wp-json\/wp\/v2\/media?parent=9693"}],"curies":[{"name":"wp","href":"https:\/\/api.w.org\/{rel}","templated":true}]}}