{"id":10046,"date":"2024-02-14T04:16:43","date_gmt":"2024-02-14T04:16:43","guid":{"rendered":"https:\/\/autopedant.ee\/product\/urban-racing-shine-ceramic-spray-250ml\/"},"modified":"2024-02-14T05:02:20","modified_gmt":"2024-02-14T05:02:20","slug":"urban-racing-shine-ceramic-spray-250ml","status":"publish","type":"product","link":"https:\/\/autopedant.ee\/et\/toode\/urban-racing-shine-ceramic-spray-250ml\/","title":{"rendered":"Urban Racing &#8220;Shine&#8221; Kiirkeraamika 250ml"},"content":{"rendered":"<p style=\"text-align: center;\"><iframe title=\"YouTube video player\" src=\"https:\/\/www.youtube.com\/embed\/uJXDTbQcucc?si=vBVGfEHl_WUvQuGP\" width=\"560\" height=\"315\" frameborder=\"0\" allowfullscreen=\"allowfullscreen\"><\/iframe><\/p>\n<p>&nbsp;<\/p>\n<p>Shine on innovatiivne keraamiline pinnakaitsevahend, mis p\u00f5hineb SIO2-l ja titaanil. Shine tulemus on veekindel ja mustust h\u00fclgavad pinnad millele on loodud v\u00e4ga tugeva l\u00e4ige, mis tekitab lisaks ka isepuhastuva efekti ja muudab tulevased hooldused ning puhastamise lihtsamaks. Toode p\u00fcsib pinnal kuni 4 kuud, olenevalt tulevastest hoolitsustest ja pinnat\u00f6\u00f6tlusest muude vahenditega. Peale kasutamist kasutage tulevasteks hooldusteks puhastusvahendeid, mille pH on kuni 12,0.<\/p>\n<p>Eelised:<\/p>\n<p>V\u00e4hendab mustuse (sh vaiku, soola, t\u00f5rva, putukaj\u00e4\u00e4ke, rasva ja linnu v\u00e4ljaheiteid) nakkumist pinnale. H\u00fcdrofoobne vett h\u00fclgav kiht. Loob mustust t\u00f5rjuva kihi pinnale. Isepuhastuv efekt. Loob UV-kaitsekihi pinnale (UV-A; UV-B). Kaitse oks\u00fcdatsiooni vastu. Kaitse kuni 4 kuud.<\/p>\n<p>&nbsp;<\/p>\n","protected":false},"excerpt":{"rendered":"<p>Shine on innovatiivne keraamiline pinnakaitsevahend, mis p\u00f5hineb SIO2-l ja titaanil. Shine tulemus on veekindel ja mustust h\u00fclgavad pinnad millele on loodud v\u00e4ga tugeva l\u00e4ige, mis tekitab lisaks ka isepuhastuva efekti ja muudab tulevased hooldused ning puhastamise lihtsamaks. Toode p\u00fcsib pinnal kuni 4 kuud, olenevalt tulevastest hoolitsustest ja pinnat\u00f6\u00f6tlusest muude vahenditega. Peale kasutamist kasutage tulevasteks hooldusteks puhastusvahendeid, mille pH on kuni 12,0.<\/p>\n","protected":false},"featured_media":10035,"comment_status":"open","ping_status":"closed","template":"","meta":[],"etheme_brands":[{"term_id":97,"name":"Urban Racing","slug":"urbanracing-et","term_group":0,"term_taxonomy_id":97,"taxonomy":"brand","description":"","parent":0,"count":4,"filter":"raw"}],"product_brand":[],"product_cat":[100,86,114,124,132],"product_tag":[145],"supplier":[151],"class_list":{"0":"post-10046","1":"product","2":"type-product","3":"status-publish","4":"has-post-thumbnail","6":"brand-urbanracing-et","7":"product_cat-detailing-et","8":"product_cat-exterior-et","9":"product_cat-kaitsejataastamine-et","10":"product_cat-keraamika","11":"product_cat-pesujargne","12":"product_tag-ceramics","13":"supplier-urban-racing-et","15":"first","16":"instock","17":"taxable","18":"shipping-taxable","19":"purchasable","20":"product-type-simple"},"bundled_by":["10084"],"bundle_stock_status":"instock","bundle_stock_quantity":null,"bundle_virtual":false,"bundle_layout":"","bundle_add_to_cart_form_location":"","bundle_editable_in_cart":false,"bundle_sold_individually_context":"","bundle_item_grouping":"","bundle_min_size":"","bundle_max_size":"","bundle_price":[],"bundled_items":[],"bundle_sell_ids":[],"yoast_head":"<!-- This site is optimized with the Yoast SEO plugin v25.7 - https:\/\/yoast.com\/wordpress\/plugins\/seo\/ -->\n<title>Urban Racing &quot;Shine&quot; Kiirkeraamika 250ml - Autopedant | Car Care Store<\/title>\n<meta name=\"description\" content=\"Shine is an innovative ceramic surface protection agent based on SIO2 and titanium. Shine is water and dirt repellent for surfaces and creates a very strong gloss on the surface that creates a self-cleaning effect and makes future maintenance easier.\" \/>\n<meta name=\"robots\" content=\"index, follow, max-snippet:-1, max-image-preview:large, max-video-preview:-1\" \/>\n<link rel=\"canonical\" href=\"https:\/\/autopedant.ee\/et\/toode\/urban-racing-shine-ceramic-spray-250ml\/\" \/>\n<meta property=\"og:locale\" content=\"et_EE\" \/>\n<meta property=\"og:type\" content=\"article\" \/>\n<meta property=\"og:title\" content=\"Urban Racing &quot;Shine&quot; Kiirkeraamika 250ml - Autopedant | Car Care Store\" \/>\n<meta property=\"og:description\" content=\"Shine is an innovative ceramic surface protection agent based on SIO2 and titanium. Shine is water and dirt repellent for surfaces and creates a very strong gloss on the surface that creates a self-cleaning effect and makes future maintenance easier.\" \/>\n<meta property=\"og:url\" content=\"https:\/\/autopedant.ee\/et\/toode\/urban-racing-shine-ceramic-spray-250ml\/\" \/>\n<meta property=\"og:site_name\" content=\"Autopedant | Car Care Store\" \/>\n<meta property=\"article:modified_time\" content=\"2024-02-14T05:02:20+00:00\" \/>\n<meta property=\"og:image\" content=\"https:\/\/autopedant.ee\/wp-content\/uploads\/2024\/02\/shine_front.jpg\" \/>\n\t<meta property=\"og:image:width\" content=\"468\" \/>\n\t<meta property=\"og:image:height\" content=\"776\" \/>\n\t<meta property=\"og:image:type\" content=\"image\/jpeg\" \/>\n<meta name=\"twitter:card\" content=\"summary_large_image\" \/>\n<meta name=\"twitter:label1\" content=\"Est. reading time\" \/>\n\t<meta name=\"twitter:data1\" content=\"1 minut\" \/>\n<script type=\"application\/ld+json\" class=\"yoast-schema-graph\">{\"@context\":\"https:\/\/schema.org\",\"@graph\":[{\"@type\":\"WebPage\",\"@id\":\"https:\/\/autopedant.ee\/et\/toode\/urban-racing-shine-ceramic-spray-250ml\/\",\"url\":\"https:\/\/autopedant.ee\/et\/toode\/urban-racing-shine-ceramic-spray-250ml\/\",\"name\":\"Urban Racing \\\"Shine\\\" Kiirkeraamika 250ml - Autopedant | Car Care Store\",\"isPartOf\":{\"@id\":\"https:\/\/autopedant.ee\/et\/#website\"},\"primaryImageOfPage\":{\"@id\":\"https:\/\/autopedant.ee\/et\/toode\/urban-racing-shine-ceramic-spray-250ml\/#primaryimage\"},\"image\":{\"@id\":\"https:\/\/autopedant.ee\/et\/toode\/urban-racing-shine-ceramic-spray-250ml\/#primaryimage\"},\"thumbnailUrl\":\"https:\/\/autopedant.ee\/wp-content\/uploads\/2024\/02\/shine_front.jpg\",\"datePublished\":\"2024-02-14T04:16:43+00:00\",\"dateModified\":\"2024-02-14T05:02:20+00:00\",\"description\":\"Shine is an innovative ceramic surface protection agent based on SIO2 and titanium. Shine is water and dirt repellent for surfaces and creates a very strong gloss on the surface that creates a self-cleaning effect and makes future maintenance easier.\",\"breadcrumb\":{\"@id\":\"https:\/\/autopedant.ee\/et\/toode\/urban-racing-shine-ceramic-spray-250ml\/#breadcrumb\"},\"inLanguage\":\"et\",\"potentialAction\":[{\"@type\":\"ReadAction\",\"target\":[\"https:\/\/autopedant.ee\/et\/toode\/urban-racing-shine-ceramic-spray-250ml\/\"]}]},{\"@type\":\"ImageObject\",\"inLanguage\":\"et\",\"@id\":\"https:\/\/autopedant.ee\/et\/toode\/urban-racing-shine-ceramic-spray-250ml\/#primaryimage\",\"url\":\"https:\/\/autopedant.ee\/wp-content\/uploads\/2024\/02\/shine_front.jpg\",\"contentUrl\":\"https:\/\/autopedant.ee\/wp-content\/uploads\/2024\/02\/shine_front.jpg\",\"width\":468,\"height\":776},{\"@type\":\"BreadcrumbList\",\"@id\":\"https:\/\/autopedant.ee\/et\/toode\/urban-racing-shine-ceramic-spray-250ml\/#breadcrumb\",\"itemListElement\":[{\"@type\":\"ListItem\",\"position\":1,\"name\":\"Esileht\",\"item\":\"https:\/\/autopedant.ee\/et\/\"},{\"@type\":\"ListItem\",\"position\":2,\"name\":\"Pood\",\"item\":\"https:\/\/autopedant.ee\/et\/shop-est\/\"},{\"@type\":\"ListItem\",\"position\":3,\"name\":\"Urban Racing &#8220;Shine&#8221; Kiirkeraamika 250ml\"}]},{\"@type\":\"WebSite\",\"@id\":\"https:\/\/autopedant.ee\/et\/#website\",\"url\":\"https:\/\/autopedant.ee\/et\/\",\"name\":\"Autopedant\",\"description\":\"Where passion meets perfection!\",\"publisher\":{\"@id\":\"https:\/\/autopedant.ee\/et\/#organization\"},\"potentialAction\":[{\"@type\":\"SearchAction\",\"target\":{\"@type\":\"EntryPoint\",\"urlTemplate\":\"https:\/\/autopedant.ee\/et\/?s={search_term_string}\"},\"query-input\":{\"@type\":\"PropertyValueSpecification\",\"valueRequired\":true,\"valueName\":\"search_term_string\"}}],\"inLanguage\":\"et\"},{\"@type\":\"Organization\",\"@id\":\"https:\/\/autopedant.ee\/et\/#organization\",\"name\":\"Autopedant\",\"url\":\"https:\/\/autopedant.ee\/et\/\",\"logo\":{\"@type\":\"ImageObject\",\"inLanguage\":\"et\",\"@id\":\"https:\/\/autopedant.ee\/et\/#\/schema\/logo\/image\/\",\"url\":\"https:\/\/autopedant.ee\/wp-content\/uploads\/2017\/03\/fulllogo.png\",\"contentUrl\":\"https:\/\/autopedant.ee\/wp-content\/uploads\/2017\/03\/fulllogo.png\",\"width\":1136,\"height\":263,\"caption\":\"Autopedant\"},\"image\":{\"@id\":\"https:\/\/autopedant.ee\/et\/#\/schema\/logo\/image\/\"}}]}<\/script>\n<!-- \/ Yoast SEO plugin. -->","yoast_head_json":{"title":"Urban Racing \"Shine\" Kiirkeraamika 250ml - Autopedant | Car Care Store","description":"Shine is an innovative ceramic surface protection agent based on SIO2 and titanium. Shine is water and dirt repellent for surfaces and creates a very strong gloss on the surface that creates a self-cleaning effect and makes future maintenance easier.","robots":{"index":"index","follow":"follow","max-snippet":"max-snippet:-1","max-image-preview":"max-image-preview:large","max-video-preview":"max-video-preview:-1"},"canonical":"https:\/\/autopedant.ee\/et\/toode\/urban-racing-shine-ceramic-spray-250ml\/","og_locale":"et_EE","og_type":"article","og_title":"Urban Racing \"Shine\" Kiirkeraamika 250ml - Autopedant | Car Care Store","og_description":"Shine is an innovative ceramic surface protection agent based on SIO2 and titanium. Shine is water and dirt repellent for surfaces and creates a very strong gloss on the surface that creates a self-cleaning effect and makes future maintenance easier.","og_url":"https:\/\/autopedant.ee\/et\/toode\/urban-racing-shine-ceramic-spray-250ml\/","og_site_name":"Autopedant | Car Care Store","article_modified_time":"2024-02-14T05:02:20+00:00","og_image":[{"width":468,"height":776,"url":"https:\/\/autopedant.ee\/wp-content\/uploads\/2024\/02\/shine_front.jpg","type":"image\/jpeg"}],"twitter_card":"summary_large_image","twitter_misc":{"Est. reading time":"1 minut"},"schema":{"@context":"https:\/\/schema.org","@graph":[{"@type":"WebPage","@id":"https:\/\/autopedant.ee\/et\/toode\/urban-racing-shine-ceramic-spray-250ml\/","url":"https:\/\/autopedant.ee\/et\/toode\/urban-racing-shine-ceramic-spray-250ml\/","name":"Urban Racing \"Shine\" Kiirkeraamika 250ml - Autopedant | Car Care Store","isPartOf":{"@id":"https:\/\/autopedant.ee\/et\/#website"},"primaryImageOfPage":{"@id":"https:\/\/autopedant.ee\/et\/toode\/urban-racing-shine-ceramic-spray-250ml\/#primaryimage"},"image":{"@id":"https:\/\/autopedant.ee\/et\/toode\/urban-racing-shine-ceramic-spray-250ml\/#primaryimage"},"thumbnailUrl":"https:\/\/autopedant.ee\/wp-content\/uploads\/2024\/02\/shine_front.jpg","datePublished":"2024-02-14T04:16:43+00:00","dateModified":"2024-02-14T05:02:20+00:00","description":"Shine is an innovative ceramic surface protection agent based on SIO2 and titanium. Shine is water and dirt repellent for surfaces and creates a very strong gloss on the surface that creates a self-cleaning effect and makes future maintenance easier.","breadcrumb":{"@id":"https:\/\/autopedant.ee\/et\/toode\/urban-racing-shine-ceramic-spray-250ml\/#breadcrumb"},"inLanguage":"et","potentialAction":[{"@type":"ReadAction","target":["https:\/\/autopedant.ee\/et\/toode\/urban-racing-shine-ceramic-spray-250ml\/"]}]},{"@type":"ImageObject","inLanguage":"et","@id":"https:\/\/autopedant.ee\/et\/toode\/urban-racing-shine-ceramic-spray-250ml\/#primaryimage","url":"https:\/\/autopedant.ee\/wp-content\/uploads\/2024\/02\/shine_front.jpg","contentUrl":"https:\/\/autopedant.ee\/wp-content\/uploads\/2024\/02\/shine_front.jpg","width":468,"height":776},{"@type":"BreadcrumbList","@id":"https:\/\/autopedant.ee\/et\/toode\/urban-racing-shine-ceramic-spray-250ml\/#breadcrumb","itemListElement":[{"@type":"ListItem","position":1,"name":"Esileht","item":"https:\/\/autopedant.ee\/et\/"},{"@type":"ListItem","position":2,"name":"Pood","item":"https:\/\/autopedant.ee\/et\/shop-est\/"},{"@type":"ListItem","position":3,"name":"Urban Racing &#8220;Shine&#8221; Kiirkeraamika 250ml"}]},{"@type":"WebSite","@id":"https:\/\/autopedant.ee\/et\/#website","url":"https:\/\/autopedant.ee\/et\/","name":"Autopedant","description":"Where passion meets perfection!","publisher":{"@id":"https:\/\/autopedant.ee\/et\/#organization"},"potentialAction":[{"@type":"SearchAction","target":{"@type":"EntryPoint","urlTemplate":"https:\/\/autopedant.ee\/et\/?s={search_term_string}"},"query-input":{"@type":"PropertyValueSpecification","valueRequired":true,"valueName":"search_term_string"}}],"inLanguage":"et"},{"@type":"Organization","@id":"https:\/\/autopedant.ee\/et\/#organization","name":"Autopedant","url":"https:\/\/autopedant.ee\/et\/","logo":{"@type":"ImageObject","inLanguage":"et","@id":"https:\/\/autopedant.ee\/et\/#\/schema\/logo\/image\/","url":"https:\/\/autopedant.ee\/wp-content\/uploads\/2017\/03\/fulllogo.png","contentUrl":"https:\/\/autopedant.ee\/wp-content\/uploads\/2017\/03\/fulllogo.png","width":1136,"height":263,"caption":"Autopedant"},"image":{"@id":"https:\/\/autopedant.ee\/et\/#\/schema\/logo\/image\/"}}]}},"_links":{"self":[{"href":"https:\/\/autopedant.ee\/et\/wp-json\/wp\/v2\/product\/10046","targetHints":{"allow":["GET"]}}],"collection":[{"href":"https:\/\/autopedant.ee\/et\/wp-json\/wp\/v2\/product"}],"about":[{"href":"https:\/\/autopedant.ee\/et\/wp-json\/wp\/v2\/types\/product"}],"replies":[{"embeddable":true,"href":"https:\/\/autopedant.ee\/et\/wp-json\/wp\/v2\/comments?post=10046"}],"version-history":[{"count":4,"href":"https:\/\/autopedant.ee\/et\/wp-json\/wp\/v2\/product\/10046\/revisions"}],"predecessor-version":[{"id":10050,"href":"https:\/\/autopedant.ee\/et\/wp-json\/wp\/v2\/product\/10046\/revisions\/10050"}],"wp:featuredmedia":[{"embeddable":true,"href":"https:\/\/autopedant.ee\/et\/wp-json\/wp\/v2\/media\/10035"}],"wp:attachment":[{"href":"https:\/\/autopedant.ee\/et\/wp-json\/wp\/v2\/media?parent=10046"}],"wp:term":[{"taxonomy":"brand","embeddable":true,"href":"https:\/\/autopedant.ee\/et\/wp-json\/wp\/v2\/etheme_brands?post=10046"},{"taxonomy":"product_brand","embeddable":true,"href":"https:\/\/autopedant.ee\/et\/wp-json\/wp\/v2\/product_brand?post=10046"},{"taxonomy":"product_cat","embeddable":true,"href":"https:\/\/autopedant.ee\/et\/wp-json\/wp\/v2\/product_cat?post=10046"},{"taxonomy":"product_tag","embeddable":true,"href":"https:\/\/autopedant.ee\/et\/wp-json\/wp\/v2\/product_tag?post=10046"},{"taxonomy":"supplier","embeddable":true,"href":"https:\/\/autopedant.ee\/et\/wp-json\/wp\/v2\/supplier?post=10046"}],"curies":[{"name":"wp","href":"https:\/\/api.w.org\/{rel}","templated":true}]}}