{"id":10070,"date":"2024-02-14T05:37:04","date_gmt":"2024-02-14T05:37:04","guid":{"rendered":"https:\/\/autopedant.ee\/product\/urban-racing-miracle-tar-remover-500ml\/"},"modified":"2024-02-14T06:12:28","modified_gmt":"2024-02-14T06:12:28","slug":"urban-racing-miracle-tar-remover-500ml","status":"publish","type":"product","link":"https:\/\/autopedant.ee\/et\/toode\/urban-racing-miracle-tar-remover-500ml\/","title":{"rendered":"Urban Racing &#8220;Miracle&#8221; Pigieemaldaja 500ml"},"content":{"rendered":"<p>V\u00e4ga efektiivne vaigu, asfaldi, soola, rohu, putukate, liimi, liiklusfilmi ja rehvij\u00e4lgede eemaldaja. Toimib t\u00f5husalt mustadel pindadel ja raskesti ligip\u00e4\u00e4setavates kohtades. Miracle on v\u00e4lja t\u00f6\u00f6tatud vaigu uuesti vedelasse olekusse viimiseks, et seda oleks lihtne maha pesta. See muudab pinna vaigust ja muudest saasteainetest vabaks. Miracle&#8217;i eelised tulenevad apelsinikoortest ekstraheeritud lahustitest. Kerge tsitrusel\u00f5hn.<\/p>\n","protected":false},"excerpt":{"rendered":"<p>V\u00e4ga efektiivne vaigu, asfaldi, soola, rohu, putukate, liimi, liiklusfilmi ja rehvij\u00e4lgede eemaldaja. Toimib t\u00f5husalt mustadel pindadel ja raskesti ligip\u00e4\u00e4setavates kohtades. Miracle on v\u00e4lja t\u00f6\u00f6tatud vaigu uuesti vedelasse olekusse viimiseks, et seda oleks lihtne maha pesta. See muudab pinna vaigust ja muudest saasteainetest vabaks. Miracle&#8217;i eelised tulenevad apelsinikoortest ekstraheeritud lahustitest. Kerge tsitrusel\u00f5hn.<\/p>\n","protected":false},"featured_media":10066,"comment_status":"open","ping_status":"closed","template":"","meta":[],"etheme_brands":[{"term_id":97,"name":"Urban Racing","slug":"urbanracing-et","term_group":0,"term_taxonomy_id":97,"taxonomy":"brand","description":"","parent":0,"count":4,"filter":"raw"}],"product_brand":[],"product_cat":[118,86],"product_tag":[153],"supplier":[151],"class_list":{"0":"post-10070","1":"product","2":"type-product","3":"status-publish","4":"has-post-thumbnail","6":"brand-urbanracing-et","7":"product_cat-eelpesu","8":"product_cat-exterior-et","9":"product_tag-miracle","10":"supplier-urban-racing-et","12":"first","13":"instock","14":"taxable","15":"shipping-taxable","16":"purchasable","17":"product-type-simple"},"bundled_by":["10084"],"bundle_stock_status":"instock","bundle_stock_quantity":null,"bundle_virtual":false,"bundle_layout":"","bundle_add_to_cart_form_location":"","bundle_editable_in_cart":false,"bundle_sold_individually_context":"","bundle_item_grouping":"","bundle_min_size":"","bundle_max_size":"","bundle_price":[],"bundled_items":[],"bundle_sell_ids":[],"yoast_head":"<!-- This site is optimized with the Yoast SEO plugin v25.7 - https:\/\/yoast.com\/wordpress\/plugins\/seo\/ -->\n<title>Urban Racing &quot;Miracle&quot; Pigieemaldaja 500ml - Autopedant | Car Care Store<\/title>\n<meta name=\"description\" content=\"V\u00e4ga efektiivne vaigu, asfaldi, soola, rohu, putukate, liimi, pigi ja rehvij\u00e4lgede eemaldaja. Toimib t\u00f5husalt mustadel pindadel ja raskesti ligip\u00e4\u00e4setavates kohtades.\" \/>\n<meta name=\"robots\" content=\"index, follow, max-snippet:-1, max-image-preview:large, max-video-preview:-1\" \/>\n<link rel=\"canonical\" href=\"https:\/\/autopedant.ee\/et\/toode\/urban-racing-miracle-tar-remover-500ml\/\" \/>\n<meta property=\"og:locale\" content=\"et_EE\" \/>\n<meta property=\"og:type\" content=\"article\" \/>\n<meta property=\"og:title\" content=\"Urban Racing &quot;Miracle&quot; Pigieemaldaja 500ml - Autopedant | Car Care Store\" \/>\n<meta property=\"og:description\" content=\"V\u00e4ga efektiivne vaigu, asfaldi, soola, rohu, putukate, liimi, pigi ja rehvij\u00e4lgede eemaldaja. Toimib t\u00f5husalt mustadel pindadel ja raskesti ligip\u00e4\u00e4setavates kohtades.\" \/>\n<meta property=\"og:url\" content=\"https:\/\/autopedant.ee\/et\/toode\/urban-racing-miracle-tar-remover-500ml\/\" \/>\n<meta property=\"og:site_name\" content=\"Autopedant | Car Care Store\" \/>\n<meta property=\"article:modified_time\" content=\"2024-02-14T06:12:28+00:00\" \/>\n<meta property=\"og:image\" content=\"https:\/\/autopedant.ee\/wp-content\/uploads\/2024\/02\/miracle_front.jpg\" \/>\n\t<meta property=\"og:image:width\" content=\"468\" \/>\n\t<meta property=\"og:image:height\" content=\"776\" \/>\n\t<meta property=\"og:image:type\" content=\"image\/jpeg\" \/>\n<meta name=\"twitter:card\" content=\"summary_large_image\" \/>\n<meta name=\"twitter:label1\" content=\"Est. reading time\" \/>\n\t<meta name=\"twitter:data1\" content=\"1 minut\" \/>\n<script type=\"application\/ld+json\" class=\"yoast-schema-graph\">{\"@context\":\"https:\/\/schema.org\",\"@graph\":[{\"@type\":\"WebPage\",\"@id\":\"https:\/\/autopedant.ee\/et\/toode\/urban-racing-miracle-tar-remover-500ml\/\",\"url\":\"https:\/\/autopedant.ee\/et\/toode\/urban-racing-miracle-tar-remover-500ml\/\",\"name\":\"Urban Racing \\\"Miracle\\\" Pigieemaldaja 500ml - Autopedant | Car Care Store\",\"isPartOf\":{\"@id\":\"https:\/\/autopedant.ee\/et\/#website\"},\"primaryImageOfPage\":{\"@id\":\"https:\/\/autopedant.ee\/et\/toode\/urban-racing-miracle-tar-remover-500ml\/#primaryimage\"},\"image\":{\"@id\":\"https:\/\/autopedant.ee\/et\/toode\/urban-racing-miracle-tar-remover-500ml\/#primaryimage\"},\"thumbnailUrl\":\"https:\/\/autopedant.ee\/wp-content\/uploads\/2024\/02\/miracle_front.jpg\",\"datePublished\":\"2024-02-14T05:37:04+00:00\",\"dateModified\":\"2024-02-14T06:12:28+00:00\",\"description\":\"V\u00e4ga efektiivne vaigu, asfaldi, soola, rohu, putukate, liimi, pigi ja rehvij\u00e4lgede eemaldaja. Toimib t\u00f5husalt mustadel pindadel ja raskesti ligip\u00e4\u00e4setavates kohtades.\",\"breadcrumb\":{\"@id\":\"https:\/\/autopedant.ee\/et\/toode\/urban-racing-miracle-tar-remover-500ml\/#breadcrumb\"},\"inLanguage\":\"et\",\"potentialAction\":[{\"@type\":\"ReadAction\",\"target\":[\"https:\/\/autopedant.ee\/et\/toode\/urban-racing-miracle-tar-remover-500ml\/\"]}]},{\"@type\":\"ImageObject\",\"inLanguage\":\"et\",\"@id\":\"https:\/\/autopedant.ee\/et\/toode\/urban-racing-miracle-tar-remover-500ml\/#primaryimage\",\"url\":\"https:\/\/autopedant.ee\/wp-content\/uploads\/2024\/02\/miracle_front.jpg\",\"contentUrl\":\"https:\/\/autopedant.ee\/wp-content\/uploads\/2024\/02\/miracle_front.jpg\",\"width\":468,\"height\":776},{\"@type\":\"BreadcrumbList\",\"@id\":\"https:\/\/autopedant.ee\/et\/toode\/urban-racing-miracle-tar-remover-500ml\/#breadcrumb\",\"itemListElement\":[{\"@type\":\"ListItem\",\"position\":1,\"name\":\"Esileht\",\"item\":\"https:\/\/autopedant.ee\/et\/\"},{\"@type\":\"ListItem\",\"position\":2,\"name\":\"Pood\",\"item\":\"https:\/\/autopedant.ee\/et\/shop-est\/\"},{\"@type\":\"ListItem\",\"position\":3,\"name\":\"Urban Racing &#8220;Miracle&#8221; Pigieemaldaja 500ml\"}]},{\"@type\":\"WebSite\",\"@id\":\"https:\/\/autopedant.ee\/et\/#website\",\"url\":\"https:\/\/autopedant.ee\/et\/\",\"name\":\"Autopedant\",\"description\":\"Where passion meets perfection!\",\"publisher\":{\"@id\":\"https:\/\/autopedant.ee\/et\/#organization\"},\"potentialAction\":[{\"@type\":\"SearchAction\",\"target\":{\"@type\":\"EntryPoint\",\"urlTemplate\":\"https:\/\/autopedant.ee\/et\/?s={search_term_string}\"},\"query-input\":{\"@type\":\"PropertyValueSpecification\",\"valueRequired\":true,\"valueName\":\"search_term_string\"}}],\"inLanguage\":\"et\"},{\"@type\":\"Organization\",\"@id\":\"https:\/\/autopedant.ee\/et\/#organization\",\"name\":\"Autopedant\",\"url\":\"https:\/\/autopedant.ee\/et\/\",\"logo\":{\"@type\":\"ImageObject\",\"inLanguage\":\"et\",\"@id\":\"https:\/\/autopedant.ee\/et\/#\/schema\/logo\/image\/\",\"url\":\"https:\/\/autopedant.ee\/wp-content\/uploads\/2017\/03\/fulllogo.png\",\"contentUrl\":\"https:\/\/autopedant.ee\/wp-content\/uploads\/2017\/03\/fulllogo.png\",\"width\":1136,\"height\":263,\"caption\":\"Autopedant\"},\"image\":{\"@id\":\"https:\/\/autopedant.ee\/et\/#\/schema\/logo\/image\/\"}}]}<\/script>\n<!-- \/ Yoast SEO plugin. -->","yoast_head_json":{"title":"Urban Racing \"Miracle\" Pigieemaldaja 500ml - Autopedant | Car Care Store","description":"V\u00e4ga efektiivne vaigu, asfaldi, soola, rohu, putukate, liimi, pigi ja rehvij\u00e4lgede eemaldaja. Toimib t\u00f5husalt mustadel pindadel ja raskesti ligip\u00e4\u00e4setavates kohtades.","robots":{"index":"index","follow":"follow","max-snippet":"max-snippet:-1","max-image-preview":"max-image-preview:large","max-video-preview":"max-video-preview:-1"},"canonical":"https:\/\/autopedant.ee\/et\/toode\/urban-racing-miracle-tar-remover-500ml\/","og_locale":"et_EE","og_type":"article","og_title":"Urban Racing \"Miracle\" Pigieemaldaja 500ml - Autopedant | Car Care Store","og_description":"V\u00e4ga efektiivne vaigu, asfaldi, soola, rohu, putukate, liimi, pigi ja rehvij\u00e4lgede eemaldaja. Toimib t\u00f5husalt mustadel pindadel ja raskesti ligip\u00e4\u00e4setavates kohtades.","og_url":"https:\/\/autopedant.ee\/et\/toode\/urban-racing-miracle-tar-remover-500ml\/","og_site_name":"Autopedant | Car Care Store","article_modified_time":"2024-02-14T06:12:28+00:00","og_image":[{"width":468,"height":776,"url":"https:\/\/autopedant.ee\/wp-content\/uploads\/2024\/02\/miracle_front.jpg","type":"image\/jpeg"}],"twitter_card":"summary_large_image","twitter_misc":{"Est. reading time":"1 minut"},"schema":{"@context":"https:\/\/schema.org","@graph":[{"@type":"WebPage","@id":"https:\/\/autopedant.ee\/et\/toode\/urban-racing-miracle-tar-remover-500ml\/","url":"https:\/\/autopedant.ee\/et\/toode\/urban-racing-miracle-tar-remover-500ml\/","name":"Urban Racing \"Miracle\" Pigieemaldaja 500ml - Autopedant | Car Care Store","isPartOf":{"@id":"https:\/\/autopedant.ee\/et\/#website"},"primaryImageOfPage":{"@id":"https:\/\/autopedant.ee\/et\/toode\/urban-racing-miracle-tar-remover-500ml\/#primaryimage"},"image":{"@id":"https:\/\/autopedant.ee\/et\/toode\/urban-racing-miracle-tar-remover-500ml\/#primaryimage"},"thumbnailUrl":"https:\/\/autopedant.ee\/wp-content\/uploads\/2024\/02\/miracle_front.jpg","datePublished":"2024-02-14T05:37:04+00:00","dateModified":"2024-02-14T06:12:28+00:00","description":"V\u00e4ga efektiivne vaigu, asfaldi, soola, rohu, putukate, liimi, pigi ja rehvij\u00e4lgede eemaldaja. Toimib t\u00f5husalt mustadel pindadel ja raskesti ligip\u00e4\u00e4setavates kohtades.","breadcrumb":{"@id":"https:\/\/autopedant.ee\/et\/toode\/urban-racing-miracle-tar-remover-500ml\/#breadcrumb"},"inLanguage":"et","potentialAction":[{"@type":"ReadAction","target":["https:\/\/autopedant.ee\/et\/toode\/urban-racing-miracle-tar-remover-500ml\/"]}]},{"@type":"ImageObject","inLanguage":"et","@id":"https:\/\/autopedant.ee\/et\/toode\/urban-racing-miracle-tar-remover-500ml\/#primaryimage","url":"https:\/\/autopedant.ee\/wp-content\/uploads\/2024\/02\/miracle_front.jpg","contentUrl":"https:\/\/autopedant.ee\/wp-content\/uploads\/2024\/02\/miracle_front.jpg","width":468,"height":776},{"@type":"BreadcrumbList","@id":"https:\/\/autopedant.ee\/et\/toode\/urban-racing-miracle-tar-remover-500ml\/#breadcrumb","itemListElement":[{"@type":"ListItem","position":1,"name":"Esileht","item":"https:\/\/autopedant.ee\/et\/"},{"@type":"ListItem","position":2,"name":"Pood","item":"https:\/\/autopedant.ee\/et\/shop-est\/"},{"@type":"ListItem","position":3,"name":"Urban Racing &#8220;Miracle&#8221; Pigieemaldaja 500ml"}]},{"@type":"WebSite","@id":"https:\/\/autopedant.ee\/et\/#website","url":"https:\/\/autopedant.ee\/et\/","name":"Autopedant","description":"Where passion meets perfection!","publisher":{"@id":"https:\/\/autopedant.ee\/et\/#organization"},"potentialAction":[{"@type":"SearchAction","target":{"@type":"EntryPoint","urlTemplate":"https:\/\/autopedant.ee\/et\/?s={search_term_string}"},"query-input":{"@type":"PropertyValueSpecification","valueRequired":true,"valueName":"search_term_string"}}],"inLanguage":"et"},{"@type":"Organization","@id":"https:\/\/autopedant.ee\/et\/#organization","name":"Autopedant","url":"https:\/\/autopedant.ee\/et\/","logo":{"@type":"ImageObject","inLanguage":"et","@id":"https:\/\/autopedant.ee\/et\/#\/schema\/logo\/image\/","url":"https:\/\/autopedant.ee\/wp-content\/uploads\/2017\/03\/fulllogo.png","contentUrl":"https:\/\/autopedant.ee\/wp-content\/uploads\/2017\/03\/fulllogo.png","width":1136,"height":263,"caption":"Autopedant"},"image":{"@id":"https:\/\/autopedant.ee\/et\/#\/schema\/logo\/image\/"}}]}},"_links":{"self":[{"href":"https:\/\/autopedant.ee\/et\/wp-json\/wp\/v2\/product\/10070","targetHints":{"allow":["GET"]}}],"collection":[{"href":"https:\/\/autopedant.ee\/et\/wp-json\/wp\/v2\/product"}],"about":[{"href":"https:\/\/autopedant.ee\/et\/wp-json\/wp\/v2\/types\/product"}],"replies":[{"embeddable":true,"href":"https:\/\/autopedant.ee\/et\/wp-json\/wp\/v2\/comments?post=10070"}],"version-history":[{"count":3,"href":"https:\/\/autopedant.ee\/et\/wp-json\/wp\/v2\/product\/10070\/revisions"}],"predecessor-version":[{"id":10073,"href":"https:\/\/autopedant.ee\/et\/wp-json\/wp\/v2\/product\/10070\/revisions\/10073"}],"wp:featuredmedia":[{"embeddable":true,"href":"https:\/\/autopedant.ee\/et\/wp-json\/wp\/v2\/media\/10066"}],"wp:attachment":[{"href":"https:\/\/autopedant.ee\/et\/wp-json\/wp\/v2\/media?parent=10070"}],"wp:term":[{"taxonomy":"brand","embeddable":true,"href":"https:\/\/autopedant.ee\/et\/wp-json\/wp\/v2\/etheme_brands?post=10070"},{"taxonomy":"product_brand","embeddable":true,"href":"https:\/\/autopedant.ee\/et\/wp-json\/wp\/v2\/product_brand?post=10070"},{"taxonomy":"product_cat","embeddable":true,"href":"https:\/\/autopedant.ee\/et\/wp-json\/wp\/v2\/product_cat?post=10070"},{"taxonomy":"product_tag","embeddable":true,"href":"https:\/\/autopedant.ee\/et\/wp-json\/wp\/v2\/product_tag?post=10070"},{"taxonomy":"supplier","embeddable":true,"href":"https:\/\/autopedant.ee\/et\/wp-json\/wp\/v2\/supplier?post=10070"}],"curies":[{"name":"wp","href":"https:\/\/api.w.org\/{rel}","templated":true}]}}