{"id":9838,"date":"2024-02-12T09:58:14","date_gmt":"2024-02-12T09:58:14","guid":{"rendered":"https:\/\/autopedant.ee\/product\/ewocar-boost-kiirkeraamika-100ml\/"},"modified":"2024-02-15T05:24:27","modified_gmt":"2024-02-15T05:24:27","slug":"ewocar-boost-kiirkeraamika-100ml","status":"publish","type":"product","link":"https:\/\/autopedant.ee\/et\/toode\/ewocar-boost-kiirkeraamika-100ml\/","title":{"rendered":"Ewocar Boost+ Kiirkeraamika 100ML"},"content":{"rendered":"<h2>Omadused:<\/h2>\n<ol>\n<li><strong>Lihtne rakendus:<\/strong> Ewocar Boost+ on loodud lihtsaks rakendamiseks, muutes selle kasutajatele mugavaks ja h\u00f5lpsasti kasutatavaks.<\/li>\n<li><strong>Olemasolevate katete t\u00e4iustamine:<\/strong> Kuigi see v\u00f5ib toimida peamise kaitsekihina autode pindadele, on selle peamine eesm\u00e4rk t\u00e4iendada olemasolevate katete h\u00fcdrofoobseid omadusi.<\/li>\n<li><strong>Pikaajaline kaitse:<\/strong> Pakub kuni 12 kuud kaitset v\u00e4rvitud pindadele.<\/li>\n<li><strong>\u00c4\u00e4rmiselt libe ja h\u00fcdrofoobne:<\/strong> Pakub \u00e4\u00e4rmiselt libedat pinda, mis t\u00f5rjub vett efektiivselt, hoides auto v\u00e4lispinna puhtana ja l\u00e4ikivana.<\/li>\n<li><strong>Mitmek\u00fclgne rakendus:<\/strong> Saab kanda erinevatele pindadele, sealhulgas v\u00e4rvile, kroomile, ratastele ja plastikule.<\/li>\n<\/ol>\n<h2>Rakendusmeetod:<\/h2>\n<ul>\n<li><strong>Lihtne rakendus:<\/strong> Ewocar Boost+ on v\u00e4ga lihtne rakendada, muutes selle erineva oskustasemega kasutajatele ligip\u00e4\u00e4setavaks.<\/li>\n<li><strong>Kiire kuivamine:<\/strong> Sideme tekkimine kohe p\u00e4rast pealekandmist s\u00e4\u00e4stab aega ja vaeva.<\/li>\n<li><strong>Efektiivne tilkade teke:<\/strong> Tekitab intensiivseid veepiisku, mis n\u00e4itavad selle h\u00fcdrofoobset olemust ja efektiivsust.<\/li>\n<li><strong>L\u00fchike rakendusaeg:<\/strong> N\u00f5uab ainult 45 minutit rakendamiseks keskmise suurusega luukp\u00e4ral, muutes selle kiireks ja mugavaks protsessiks.<\/li>\n<\/ul>\n<p>Kokkuv\u00f5ttes paistab Ewocar Boost+ olevat kasutajas\u00f5bralik ja efektiivne lahendus auto pindade kaitseks ja v\u00e4ljan\u00e4gemise parendamiseks.<\/p>\n","protected":false},"excerpt":{"rendered":"<p>Ewocar Boost+ on algajate taseme keraamiline kattekiht, mis on loodud olemasoleva Ewocar toodete katteomadusi tugevdama, mis oli eelnevalt paigaldatud, kuid seda saab kasutada ka peamise keraamilise katteainena. Seda saab kanda v\u00e4rvile, kroomile, ratastele ja isegi plastikule. See seob kohe, moodustab intensiivseid veepiisku ning rakendamiseks kulub vaid 45 minutit* (keskmise suurusega luukp\u00e4ra puhul).<\/p>\n","protected":false},"featured_media":9845,"comment_status":"open","ping_status":"closed","template":"","meta":[],"etheme_brands":[{"term_id":121,"name":"Ewocar","slug":"ewocar-et","term_group":0,"term_taxonomy_id":121,"taxonomy":"brand","description":"","parent":0,"count":10,"filter":"raw"}],"product_brand":[],"product_cat":[100,86,114,124,132],"product_tag":[145],"supplier":[122],"class_list":{"0":"post-9838","1":"product","2":"type-product","3":"status-publish","4":"has-post-thumbnail","6":"brand-ewocar-et","7":"product_cat-detailing-et","8":"product_cat-exterior-et","9":"product_cat-kaitsejataastamine-et","10":"product_cat-keraamika","11":"product_cat-pesujargne","12":"product_tag-ceramics","13":"supplier-ewocar-et","15":"first","16":"instock","17":"taxable","18":"shipping-taxable","19":"purchasable","20":"product-type-simple"},"bundled_by":[],"bundle_stock_status":"instock","bundle_stock_quantity":null,"bundle_virtual":false,"bundle_layout":"","bundle_add_to_cart_form_location":"","bundle_editable_in_cart":false,"bundle_sold_individually_context":"","bundle_item_grouping":"","bundle_min_size":"","bundle_max_size":"","bundle_price":[],"bundled_items":[],"bundle_sell_ids":[],"yoast_head":"<!-- This site is optimized with the Yoast SEO plugin v25.7 - https:\/\/yoast.com\/wordpress\/plugins\/seo\/ -->\n<title>Ewocar Boost+ Kiirkeraamika 100ML - Autopedant | Car Care Store<\/title>\n<meta name=\"description\" content=\"Ewocar Boost+ on algajate taseme keraamiline kattekiht, mis on loodud olemasoleva Ewocar toodete katteomadusi tugevdama, mis oli eelnevalt paigaldatud, kuid seda saab kasutada ka peamise katteainena. Seda saab kanda v\u00e4rvile, kroomile, ratastele ja isegi plastikule.\" \/>\n<meta name=\"robots\" content=\"index, follow, max-snippet:-1, max-image-preview:large, max-video-preview:-1\" \/>\n<link rel=\"canonical\" href=\"https:\/\/autopedant.ee\/et\/toode\/ewocar-boost-kiirkeraamika-100ml\/\" \/>\n<meta property=\"og:locale\" content=\"et_EE\" \/>\n<meta property=\"og:type\" content=\"article\" \/>\n<meta property=\"og:title\" content=\"Ewocar Boost+ Kiirkeraamika 100ML - Autopedant | Car Care Store\" \/>\n<meta property=\"og:description\" content=\"Ewocar Boost+ on algajate taseme keraamiline kattekiht, mis on loodud olemasoleva Ewocar toodete katteomadusi tugevdama, mis oli eelnevalt paigaldatud, kuid seda saab kasutada ka peamise katteainena. Seda saab kanda v\u00e4rvile, kroomile, ratastele ja isegi plastikule.\" \/>\n<meta property=\"og:url\" content=\"https:\/\/autopedant.ee\/et\/toode\/ewocar-boost-kiirkeraamika-100ml\/\" \/>\n<meta property=\"og:site_name\" content=\"Autopedant | Car Care Store\" \/>\n<meta property=\"article:modified_time\" content=\"2024-02-15T05:24:27+00:00\" \/>\n<meta property=\"og:image\" content=\"https:\/\/autopedant.ee\/wp-content\/uploads\/2024\/02\/boostplus-1.png\" \/>\n\t<meta property=\"og:image:width\" content=\"468\" \/>\n\t<meta property=\"og:image:height\" content=\"776\" \/>\n\t<meta property=\"og:image:type\" content=\"image\/png\" \/>\n<meta name=\"twitter:card\" content=\"summary_large_image\" \/>\n<meta name=\"twitter:label1\" content=\"Est. reading time\" \/>\n\t<meta name=\"twitter:data1\" content=\"1 minut\" \/>\n<script type=\"application\/ld+json\" class=\"yoast-schema-graph\">{\"@context\":\"https:\/\/schema.org\",\"@graph\":[{\"@type\":\"WebPage\",\"@id\":\"https:\/\/autopedant.ee\/et\/toode\/ewocar-boost-kiirkeraamika-100ml\/\",\"url\":\"https:\/\/autopedant.ee\/et\/toode\/ewocar-boost-kiirkeraamika-100ml\/\",\"name\":\"Ewocar Boost+ Kiirkeraamika 100ML - Autopedant | Car Care Store\",\"isPartOf\":{\"@id\":\"https:\/\/autopedant.ee\/et\/#website\"},\"primaryImageOfPage\":{\"@id\":\"https:\/\/autopedant.ee\/et\/toode\/ewocar-boost-kiirkeraamika-100ml\/#primaryimage\"},\"image\":{\"@id\":\"https:\/\/autopedant.ee\/et\/toode\/ewocar-boost-kiirkeraamika-100ml\/#primaryimage\"},\"thumbnailUrl\":\"https:\/\/autopedant.ee\/wp-content\/uploads\/2024\/02\/boostplus-1.png\",\"datePublished\":\"2024-02-12T09:58:14+00:00\",\"dateModified\":\"2024-02-15T05:24:27+00:00\",\"description\":\"Ewocar Boost+ on algajate taseme keraamiline kattekiht, mis on loodud olemasoleva Ewocar toodete katteomadusi tugevdama, mis oli eelnevalt paigaldatud, kuid seda saab kasutada ka peamise katteainena. Seda saab kanda v\u00e4rvile, kroomile, ratastele ja isegi plastikule.\",\"breadcrumb\":{\"@id\":\"https:\/\/autopedant.ee\/et\/toode\/ewocar-boost-kiirkeraamika-100ml\/#breadcrumb\"},\"inLanguage\":\"et\",\"potentialAction\":[{\"@type\":\"ReadAction\",\"target\":[\"https:\/\/autopedant.ee\/et\/toode\/ewocar-boost-kiirkeraamika-100ml\/\"]}]},{\"@type\":\"ImageObject\",\"inLanguage\":\"et\",\"@id\":\"https:\/\/autopedant.ee\/et\/toode\/ewocar-boost-kiirkeraamika-100ml\/#primaryimage\",\"url\":\"https:\/\/autopedant.ee\/wp-content\/uploads\/2024\/02\/boostplus-1.png\",\"contentUrl\":\"https:\/\/autopedant.ee\/wp-content\/uploads\/2024\/02\/boostplus-1.png\",\"width\":468,\"height\":776},{\"@type\":\"BreadcrumbList\",\"@id\":\"https:\/\/autopedant.ee\/et\/toode\/ewocar-boost-kiirkeraamika-100ml\/#breadcrumb\",\"itemListElement\":[{\"@type\":\"ListItem\",\"position\":1,\"name\":\"Esileht\",\"item\":\"https:\/\/autopedant.ee\/et\/\"},{\"@type\":\"ListItem\",\"position\":2,\"name\":\"Pood\",\"item\":\"https:\/\/autopedant.ee\/et\/shop-est\/\"},{\"@type\":\"ListItem\",\"position\":3,\"name\":\"Ewocar Boost+ Kiirkeraamika 100ML\"}]},{\"@type\":\"WebSite\",\"@id\":\"https:\/\/autopedant.ee\/et\/#website\",\"url\":\"https:\/\/autopedant.ee\/et\/\",\"name\":\"Autopedant\",\"description\":\"Where passion meets perfection!\",\"publisher\":{\"@id\":\"https:\/\/autopedant.ee\/et\/#organization\"},\"potentialAction\":[{\"@type\":\"SearchAction\",\"target\":{\"@type\":\"EntryPoint\",\"urlTemplate\":\"https:\/\/autopedant.ee\/et\/?s={search_term_string}\"},\"query-input\":{\"@type\":\"PropertyValueSpecification\",\"valueRequired\":true,\"valueName\":\"search_term_string\"}}],\"inLanguage\":\"et\"},{\"@type\":\"Organization\",\"@id\":\"https:\/\/autopedant.ee\/et\/#organization\",\"name\":\"Autopedant\",\"url\":\"https:\/\/autopedant.ee\/et\/\",\"logo\":{\"@type\":\"ImageObject\",\"inLanguage\":\"et\",\"@id\":\"https:\/\/autopedant.ee\/et\/#\/schema\/logo\/image\/\",\"url\":\"https:\/\/autopedant.ee\/wp-content\/uploads\/2017\/03\/fulllogo.png\",\"contentUrl\":\"https:\/\/autopedant.ee\/wp-content\/uploads\/2017\/03\/fulllogo.png\",\"width\":1136,\"height\":263,\"caption\":\"Autopedant\"},\"image\":{\"@id\":\"https:\/\/autopedant.ee\/et\/#\/schema\/logo\/image\/\"}}]}<\/script>\n<!-- \/ Yoast SEO plugin. -->","yoast_head_json":{"title":"Ewocar Boost+ Kiirkeraamika 100ML - Autopedant | Car Care Store","description":"Ewocar Boost+ on algajate taseme keraamiline kattekiht, mis on loodud olemasoleva Ewocar toodete katteomadusi tugevdama, mis oli eelnevalt paigaldatud, kuid seda saab kasutada ka peamise katteainena. Seda saab kanda v\u00e4rvile, kroomile, ratastele ja isegi plastikule.","robots":{"index":"index","follow":"follow","max-snippet":"max-snippet:-1","max-image-preview":"max-image-preview:large","max-video-preview":"max-video-preview:-1"},"canonical":"https:\/\/autopedant.ee\/et\/toode\/ewocar-boost-kiirkeraamika-100ml\/","og_locale":"et_EE","og_type":"article","og_title":"Ewocar Boost+ Kiirkeraamika 100ML - Autopedant | Car Care Store","og_description":"Ewocar Boost+ on algajate taseme keraamiline kattekiht, mis on loodud olemasoleva Ewocar toodete katteomadusi tugevdama, mis oli eelnevalt paigaldatud, kuid seda saab kasutada ka peamise katteainena. Seda saab kanda v\u00e4rvile, kroomile, ratastele ja isegi plastikule.","og_url":"https:\/\/autopedant.ee\/et\/toode\/ewocar-boost-kiirkeraamika-100ml\/","og_site_name":"Autopedant | Car Care Store","article_modified_time":"2024-02-15T05:24:27+00:00","og_image":[{"width":468,"height":776,"url":"https:\/\/autopedant.ee\/wp-content\/uploads\/2024\/02\/boostplus-1.png","type":"image\/png"}],"twitter_card":"summary_large_image","twitter_misc":{"Est. reading time":"1 minut"},"schema":{"@context":"https:\/\/schema.org","@graph":[{"@type":"WebPage","@id":"https:\/\/autopedant.ee\/et\/toode\/ewocar-boost-kiirkeraamika-100ml\/","url":"https:\/\/autopedant.ee\/et\/toode\/ewocar-boost-kiirkeraamika-100ml\/","name":"Ewocar Boost+ Kiirkeraamika 100ML - Autopedant | Car Care Store","isPartOf":{"@id":"https:\/\/autopedant.ee\/et\/#website"},"primaryImageOfPage":{"@id":"https:\/\/autopedant.ee\/et\/toode\/ewocar-boost-kiirkeraamika-100ml\/#primaryimage"},"image":{"@id":"https:\/\/autopedant.ee\/et\/toode\/ewocar-boost-kiirkeraamika-100ml\/#primaryimage"},"thumbnailUrl":"https:\/\/autopedant.ee\/wp-content\/uploads\/2024\/02\/boostplus-1.png","datePublished":"2024-02-12T09:58:14+00:00","dateModified":"2024-02-15T05:24:27+00:00","description":"Ewocar Boost+ on algajate taseme keraamiline kattekiht, mis on loodud olemasoleva Ewocar toodete katteomadusi tugevdama, mis oli eelnevalt paigaldatud, kuid seda saab kasutada ka peamise katteainena. Seda saab kanda v\u00e4rvile, kroomile, ratastele ja isegi plastikule.","breadcrumb":{"@id":"https:\/\/autopedant.ee\/et\/toode\/ewocar-boost-kiirkeraamika-100ml\/#breadcrumb"},"inLanguage":"et","potentialAction":[{"@type":"ReadAction","target":["https:\/\/autopedant.ee\/et\/toode\/ewocar-boost-kiirkeraamika-100ml\/"]}]},{"@type":"ImageObject","inLanguage":"et","@id":"https:\/\/autopedant.ee\/et\/toode\/ewocar-boost-kiirkeraamika-100ml\/#primaryimage","url":"https:\/\/autopedant.ee\/wp-content\/uploads\/2024\/02\/boostplus-1.png","contentUrl":"https:\/\/autopedant.ee\/wp-content\/uploads\/2024\/02\/boostplus-1.png","width":468,"height":776},{"@type":"BreadcrumbList","@id":"https:\/\/autopedant.ee\/et\/toode\/ewocar-boost-kiirkeraamika-100ml\/#breadcrumb","itemListElement":[{"@type":"ListItem","position":1,"name":"Esileht","item":"https:\/\/autopedant.ee\/et\/"},{"@type":"ListItem","position":2,"name":"Pood","item":"https:\/\/autopedant.ee\/et\/shop-est\/"},{"@type":"ListItem","position":3,"name":"Ewocar Boost+ Kiirkeraamika 100ML"}]},{"@type":"WebSite","@id":"https:\/\/autopedant.ee\/et\/#website","url":"https:\/\/autopedant.ee\/et\/","name":"Autopedant","description":"Where passion meets perfection!","publisher":{"@id":"https:\/\/autopedant.ee\/et\/#organization"},"potentialAction":[{"@type":"SearchAction","target":{"@type":"EntryPoint","urlTemplate":"https:\/\/autopedant.ee\/et\/?s={search_term_string}"},"query-input":{"@type":"PropertyValueSpecification","valueRequired":true,"valueName":"search_term_string"}}],"inLanguage":"et"},{"@type":"Organization","@id":"https:\/\/autopedant.ee\/et\/#organization","name":"Autopedant","url":"https:\/\/autopedant.ee\/et\/","logo":{"@type":"ImageObject","inLanguage":"et","@id":"https:\/\/autopedant.ee\/et\/#\/schema\/logo\/image\/","url":"https:\/\/autopedant.ee\/wp-content\/uploads\/2017\/03\/fulllogo.png","contentUrl":"https:\/\/autopedant.ee\/wp-content\/uploads\/2017\/03\/fulllogo.png","width":1136,"height":263,"caption":"Autopedant"},"image":{"@id":"https:\/\/autopedant.ee\/et\/#\/schema\/logo\/image\/"}}]}},"_links":{"self":[{"href":"https:\/\/autopedant.ee\/et\/wp-json\/wp\/v2\/product\/9838","targetHints":{"allow":["GET"]}}],"collection":[{"href":"https:\/\/autopedant.ee\/et\/wp-json\/wp\/v2\/product"}],"about":[{"href":"https:\/\/autopedant.ee\/et\/wp-json\/wp\/v2\/types\/product"}],"replies":[{"embeddable":true,"href":"https:\/\/autopedant.ee\/et\/wp-json\/wp\/v2\/comments?post=9838"}],"version-history":[{"count":5,"href":"https:\/\/autopedant.ee\/et\/wp-json\/wp\/v2\/product\/9838\/revisions"}],"predecessor-version":[{"id":10117,"href":"https:\/\/autopedant.ee\/et\/wp-json\/wp\/v2\/product\/9838\/revisions\/10117"}],"wp:featuredmedia":[{"embeddable":true,"href":"https:\/\/autopedant.ee\/et\/wp-json\/wp\/v2\/media\/9845"}],"wp:attachment":[{"href":"https:\/\/autopedant.ee\/et\/wp-json\/wp\/v2\/media?parent=9838"}],"wp:term":[{"taxonomy":"brand","embeddable":true,"href":"https:\/\/autopedant.ee\/et\/wp-json\/wp\/v2\/etheme_brands?post=9838"},{"taxonomy":"product_brand","embeddable":true,"href":"https:\/\/autopedant.ee\/et\/wp-json\/wp\/v2\/product_brand?post=9838"},{"taxonomy":"product_cat","embeddable":true,"href":"https:\/\/autopedant.ee\/et\/wp-json\/wp\/v2\/product_cat?post=9838"},{"taxonomy":"product_tag","embeddable":true,"href":"https:\/\/autopedant.ee\/et\/wp-json\/wp\/v2\/product_tag?post=9838"},{"taxonomy":"supplier","embeddable":true,"href":"https:\/\/autopedant.ee\/et\/wp-json\/wp\/v2\/supplier?post=9838"}],"curies":[{"name":"wp","href":"https:\/\/api.w.org\/{rel}","templated":true}]}}