{"id":9858,"date":"2024-02-13T08:01:05","date_gmt":"2024-02-13T08:01:05","guid":{"rendered":"https:\/\/autopedant.ee\/product\/ewocar-alk-prewash-1000ml\/"},"modified":"2024-08-10T11:32:15","modified_gmt":"2024-08-10T11:32:15","slug":"ewocar-alk-prewash-1000ml","status":"publish","type":"product","link":"https:\/\/autopedant.ee\/et\/toode\/ewocar-alk-prewash-1000ml\/","title":{"rendered":"Ewocar ALK Prewash Eelpesuaine 1L"},"content":{"rendered":"<p>Ewocar ALK Prewash on aluseline eelpesu pesuvahend, mis sobib k\u00f5igi s\u00f5idukite v\u00e4lispindade efektiivseks puhastamiseks. See v\u00f5ib eemaldada mitmesuguseid teetolmu, \u00f5lisid ja rasvu, putukaj\u00e4\u00e4ke ning muud. Toote kasutamisel j\u00e4lgige pinna temperatuuri ja suveperioodil veenduge, et eelpesu oleks eelnevalt jahutatud veega.<\/p>\n<p>See sobib kasutamiseks tavalise keemiapritsiga ja samuti vahugeneraatoris.<\/p>\n<p>Lahjendage vastavalt vajadusele, kuid tavaliselt suhtega 1:10 kuni 1:20. Mustemate pindade (rattakoopad, rattad, rehvid, uksevahed, mootoriruum) puhul kasutage vajadusel suhtega 1:5.<\/p>\n<p>Toode on piisavalt ohutu kasutamiseks puhtal plastikul, kroomil ja muudel delikaatsematel pindadel.<\/p>\n<h2>Omadused:<\/h2>\n<ul>\n<li>Lihtne loputada<\/li>\n<li>Sobib kasutamiseks pritsp\u00fcstoliga<\/li>\n<li>\u00c4\u00e4rmiselt efektiivne<\/li>\n<li>Ohutu kroomi, nikeldatud v\u00f5i kummist jaoks<\/li>\n<\/ul>\n<h2>Kasutusjuhend:<\/h2>\n<ol>\n<li>Lahjendage 1-2% veega<\/li>\n<li>Pritsige ja oodake 60-90 sekundit<\/li>\n<li>Rataste puhastamiseks kasutage lahjendamissuhet 1:5<\/li>\n<\/ol>\n<p><strong>Oluline m\u00e4rkus:<\/strong> Kuumal hooajal soovitatakse autokere eelnevalt jahutada veega enne toote pealekandmist. Pritsige vahuga p\u00fcstoliga v\u00f5i pritsiga, oodake 60-90 sekundit ja loputage k\u00f5rge r\u00f5huveega.<\/p>\n","protected":false},"excerpt":{"rendered":"<p>Ewocar ALK Eelpesu on leelisel p\u00f5hinev eelpesu pesuvahend, mis sobib k\u00f5igi s\u00f5idukite v\u00e4lispindade t\u00f5husaks puhastamiseks. See v\u00f5ib eemaldada erinevaid teetolmu, \u00f5lisid, rasvu, putukaj\u00e4\u00e4nuseid ja muud. Toote kasutamisel j\u00e4lgige pinna temperatuuri ning suveperioodil veenduge, et eelpind oleks eelnevalt jahutatud veega.<\/p>\n<h2>Omadused:<\/h2>\n<ul>\n<li>Lihtne loputada<\/li>\n<li>Kasutatav pihustusp\u00fcstoliga<\/li>\n<li>\u00c4\u00e4rmiselt t\u00f5hus<\/li>\n<li>Ohutu kroomi, nikeldatud v\u00f5i kummist pindadele<\/li>\n<\/ul>\n<p>&#8220;`<\/p>\n","protected":false},"featured_media":9856,"comment_status":"open","ping_status":"closed","template":"","meta":[],"etheme_brands":[{"term_id":121,"name":"Ewocar","slug":"ewocar-et","term_group":0,"term_taxonomy_id":121,"taxonomy":"brand","description":"","parent":0,"count":10,"filter":"raw"}],"product_brand":[],"product_cat":[118,86],"product_tag":[162],"supplier":[122],"class_list":{"0":"post-9858","1":"product","2":"type-product","3":"status-publish","4":"has-post-thumbnail","6":"brand-ewocar-et","7":"product_cat-eelpesu","8":"product_cat-exterior-et","9":"product_tag-ewocar","10":"supplier-ewocar-et","12":"first","13":"instock","14":"taxable","15":"shipping-taxable","16":"purchasable","17":"product-type-simple"},"bundled_by":[],"bundle_stock_status":"instock","bundle_stock_quantity":null,"bundle_virtual":false,"bundle_layout":"","bundle_add_to_cart_form_location":"","bundle_editable_in_cart":false,"bundle_sold_individually_context":"","bundle_item_grouping":"","bundle_min_size":"","bundle_max_size":"","bundle_price":[],"bundled_items":[],"bundle_sell_ids":[],"yoast_head":"<!-- This site is optimized with the Yoast SEO plugin v25.7 - https:\/\/yoast.com\/wordpress\/plugins\/seo\/ -->\n<title>Ewocar ALK Prewash Eelpesuaine 1L - Autopedant | Car Care Store<\/title>\n<meta name=\"description\" content=\"Ewocar ALK Prewash on leelisel p\u00f5hinev eelpesu pesuvahend, mis sobib k\u00f5igi s\u00f5idukite v\u00e4lispindade t\u00f5husaks puhastamiseks. See v\u00f5ib eemaldada erinevaid teetolmu, \u00f5lisid, rasvu, putukaj\u00e4\u00e4nuseid ja muud.\" \/>\n<meta name=\"robots\" content=\"index, follow, max-snippet:-1, max-image-preview:large, max-video-preview:-1\" \/>\n<link rel=\"canonical\" href=\"https:\/\/autopedant.ee\/et\/toode\/ewocar-alk-prewash-1000ml\/\" \/>\n<meta property=\"og:locale\" content=\"et_EE\" \/>\n<meta property=\"og:type\" content=\"article\" \/>\n<meta property=\"og:title\" content=\"Ewocar ALK Prewash Eelpesuaine 1L - Autopedant | Car Care Store\" \/>\n<meta property=\"og:description\" content=\"Ewocar ALK Prewash on leelisel p\u00f5hinev eelpesu pesuvahend, mis sobib k\u00f5igi s\u00f5idukite v\u00e4lispindade t\u00f5husaks puhastamiseks. See v\u00f5ib eemaldada erinevaid teetolmu, \u00f5lisid, rasvu, putukaj\u00e4\u00e4nuseid ja muud.\" \/>\n<meta property=\"og:url\" content=\"https:\/\/autopedant.ee\/et\/toode\/ewocar-alk-prewash-1000ml\/\" \/>\n<meta property=\"og:site_name\" content=\"Autopedant | Car Care Store\" \/>\n<meta property=\"article:modified_time\" content=\"2024-08-10T11:32:15+00:00\" \/>\n<meta property=\"og:image\" content=\"https:\/\/autopedant.ee\/wp-content\/uploads\/2024\/02\/Alk_Prewash.jpg\" \/>\n\t<meta property=\"og:image:width\" content=\"468\" \/>\n\t<meta property=\"og:image:height\" content=\"776\" \/>\n\t<meta property=\"og:image:type\" content=\"image\/jpeg\" \/>\n<meta name=\"twitter:card\" content=\"summary_large_image\" \/>\n<meta name=\"twitter:label1\" content=\"Est. reading time\" \/>\n\t<meta name=\"twitter:data1\" content=\"1 minut\" \/>\n<script type=\"application\/ld+json\" class=\"yoast-schema-graph\">{\"@context\":\"https:\/\/schema.org\",\"@graph\":[{\"@type\":\"WebPage\",\"@id\":\"https:\/\/autopedant.ee\/et\/toode\/ewocar-alk-prewash-1000ml\/\",\"url\":\"https:\/\/autopedant.ee\/et\/toode\/ewocar-alk-prewash-1000ml\/\",\"name\":\"Ewocar ALK Prewash Eelpesuaine 1L - Autopedant | Car Care Store\",\"isPartOf\":{\"@id\":\"https:\/\/autopedant.ee\/et\/#website\"},\"primaryImageOfPage\":{\"@id\":\"https:\/\/autopedant.ee\/et\/toode\/ewocar-alk-prewash-1000ml\/#primaryimage\"},\"image\":{\"@id\":\"https:\/\/autopedant.ee\/et\/toode\/ewocar-alk-prewash-1000ml\/#primaryimage\"},\"thumbnailUrl\":\"https:\/\/autopedant.ee\/wp-content\/uploads\/2024\/02\/Alk_Prewash.jpg\",\"datePublished\":\"2024-02-13T08:01:05+00:00\",\"dateModified\":\"2024-08-10T11:32:15+00:00\",\"description\":\"Ewocar ALK Prewash on leelisel p\u00f5hinev eelpesu pesuvahend, mis sobib k\u00f5igi s\u00f5idukite v\u00e4lispindade t\u00f5husaks puhastamiseks. See v\u00f5ib eemaldada erinevaid teetolmu, \u00f5lisid, rasvu, putukaj\u00e4\u00e4nuseid ja muud.\",\"breadcrumb\":{\"@id\":\"https:\/\/autopedant.ee\/et\/toode\/ewocar-alk-prewash-1000ml\/#breadcrumb\"},\"inLanguage\":\"et\",\"potentialAction\":[{\"@type\":\"ReadAction\",\"target\":[\"https:\/\/autopedant.ee\/et\/toode\/ewocar-alk-prewash-1000ml\/\"]}]},{\"@type\":\"ImageObject\",\"inLanguage\":\"et\",\"@id\":\"https:\/\/autopedant.ee\/et\/toode\/ewocar-alk-prewash-1000ml\/#primaryimage\",\"url\":\"https:\/\/autopedant.ee\/wp-content\/uploads\/2024\/02\/Alk_Prewash.jpg\",\"contentUrl\":\"https:\/\/autopedant.ee\/wp-content\/uploads\/2024\/02\/Alk_Prewash.jpg\",\"width\":468,\"height\":776},{\"@type\":\"BreadcrumbList\",\"@id\":\"https:\/\/autopedant.ee\/et\/toode\/ewocar-alk-prewash-1000ml\/#breadcrumb\",\"itemListElement\":[{\"@type\":\"ListItem\",\"position\":1,\"name\":\"Esileht\",\"item\":\"https:\/\/autopedant.ee\/et\/\"},{\"@type\":\"ListItem\",\"position\":2,\"name\":\"Pood\",\"item\":\"https:\/\/autopedant.ee\/et\/shop-est\/\"},{\"@type\":\"ListItem\",\"position\":3,\"name\":\"Ewocar ALK Prewash Eelpesuaine 1L\"}]},{\"@type\":\"WebSite\",\"@id\":\"https:\/\/autopedant.ee\/et\/#website\",\"url\":\"https:\/\/autopedant.ee\/et\/\",\"name\":\"Autopedant\",\"description\":\"Where passion meets perfection!\",\"publisher\":{\"@id\":\"https:\/\/autopedant.ee\/et\/#organization\"},\"potentialAction\":[{\"@type\":\"SearchAction\",\"target\":{\"@type\":\"EntryPoint\",\"urlTemplate\":\"https:\/\/autopedant.ee\/et\/?s={search_term_string}\"},\"query-input\":{\"@type\":\"PropertyValueSpecification\",\"valueRequired\":true,\"valueName\":\"search_term_string\"}}],\"inLanguage\":\"et\"},{\"@type\":\"Organization\",\"@id\":\"https:\/\/autopedant.ee\/et\/#organization\",\"name\":\"Autopedant\",\"url\":\"https:\/\/autopedant.ee\/et\/\",\"logo\":{\"@type\":\"ImageObject\",\"inLanguage\":\"et\",\"@id\":\"https:\/\/autopedant.ee\/et\/#\/schema\/logo\/image\/\",\"url\":\"https:\/\/autopedant.ee\/wp-content\/uploads\/2017\/03\/fulllogo.png\",\"contentUrl\":\"https:\/\/autopedant.ee\/wp-content\/uploads\/2017\/03\/fulllogo.png\",\"width\":1136,\"height\":263,\"caption\":\"Autopedant\"},\"image\":{\"@id\":\"https:\/\/autopedant.ee\/et\/#\/schema\/logo\/image\/\"}}]}<\/script>\n<!-- \/ Yoast SEO plugin. -->","yoast_head_json":{"title":"Ewocar ALK Prewash Eelpesuaine 1L - Autopedant | Car Care Store","description":"Ewocar ALK Prewash on leelisel p\u00f5hinev eelpesu pesuvahend, mis sobib k\u00f5igi s\u00f5idukite v\u00e4lispindade t\u00f5husaks puhastamiseks. See v\u00f5ib eemaldada erinevaid teetolmu, \u00f5lisid, rasvu, putukaj\u00e4\u00e4nuseid ja muud.","robots":{"index":"index","follow":"follow","max-snippet":"max-snippet:-1","max-image-preview":"max-image-preview:large","max-video-preview":"max-video-preview:-1"},"canonical":"https:\/\/autopedant.ee\/et\/toode\/ewocar-alk-prewash-1000ml\/","og_locale":"et_EE","og_type":"article","og_title":"Ewocar ALK Prewash Eelpesuaine 1L - Autopedant | Car Care Store","og_description":"Ewocar ALK Prewash on leelisel p\u00f5hinev eelpesu pesuvahend, mis sobib k\u00f5igi s\u00f5idukite v\u00e4lispindade t\u00f5husaks puhastamiseks. See v\u00f5ib eemaldada erinevaid teetolmu, \u00f5lisid, rasvu, putukaj\u00e4\u00e4nuseid ja muud.","og_url":"https:\/\/autopedant.ee\/et\/toode\/ewocar-alk-prewash-1000ml\/","og_site_name":"Autopedant | Car Care Store","article_modified_time":"2024-08-10T11:32:15+00:00","og_image":[{"width":468,"height":776,"url":"https:\/\/autopedant.ee\/wp-content\/uploads\/2024\/02\/Alk_Prewash.jpg","type":"image\/jpeg"}],"twitter_card":"summary_large_image","twitter_misc":{"Est. reading time":"1 minut"},"schema":{"@context":"https:\/\/schema.org","@graph":[{"@type":"WebPage","@id":"https:\/\/autopedant.ee\/et\/toode\/ewocar-alk-prewash-1000ml\/","url":"https:\/\/autopedant.ee\/et\/toode\/ewocar-alk-prewash-1000ml\/","name":"Ewocar ALK Prewash Eelpesuaine 1L - Autopedant | Car Care Store","isPartOf":{"@id":"https:\/\/autopedant.ee\/et\/#website"},"primaryImageOfPage":{"@id":"https:\/\/autopedant.ee\/et\/toode\/ewocar-alk-prewash-1000ml\/#primaryimage"},"image":{"@id":"https:\/\/autopedant.ee\/et\/toode\/ewocar-alk-prewash-1000ml\/#primaryimage"},"thumbnailUrl":"https:\/\/autopedant.ee\/wp-content\/uploads\/2024\/02\/Alk_Prewash.jpg","datePublished":"2024-02-13T08:01:05+00:00","dateModified":"2024-08-10T11:32:15+00:00","description":"Ewocar ALK Prewash on leelisel p\u00f5hinev eelpesu pesuvahend, mis sobib k\u00f5igi s\u00f5idukite v\u00e4lispindade t\u00f5husaks puhastamiseks. See v\u00f5ib eemaldada erinevaid teetolmu, \u00f5lisid, rasvu, putukaj\u00e4\u00e4nuseid ja muud.","breadcrumb":{"@id":"https:\/\/autopedant.ee\/et\/toode\/ewocar-alk-prewash-1000ml\/#breadcrumb"},"inLanguage":"et","potentialAction":[{"@type":"ReadAction","target":["https:\/\/autopedant.ee\/et\/toode\/ewocar-alk-prewash-1000ml\/"]}]},{"@type":"ImageObject","inLanguage":"et","@id":"https:\/\/autopedant.ee\/et\/toode\/ewocar-alk-prewash-1000ml\/#primaryimage","url":"https:\/\/autopedant.ee\/wp-content\/uploads\/2024\/02\/Alk_Prewash.jpg","contentUrl":"https:\/\/autopedant.ee\/wp-content\/uploads\/2024\/02\/Alk_Prewash.jpg","width":468,"height":776},{"@type":"BreadcrumbList","@id":"https:\/\/autopedant.ee\/et\/toode\/ewocar-alk-prewash-1000ml\/#breadcrumb","itemListElement":[{"@type":"ListItem","position":1,"name":"Esileht","item":"https:\/\/autopedant.ee\/et\/"},{"@type":"ListItem","position":2,"name":"Pood","item":"https:\/\/autopedant.ee\/et\/shop-est\/"},{"@type":"ListItem","position":3,"name":"Ewocar ALK Prewash Eelpesuaine 1L"}]},{"@type":"WebSite","@id":"https:\/\/autopedant.ee\/et\/#website","url":"https:\/\/autopedant.ee\/et\/","name":"Autopedant","description":"Where passion meets perfection!","publisher":{"@id":"https:\/\/autopedant.ee\/et\/#organization"},"potentialAction":[{"@type":"SearchAction","target":{"@type":"EntryPoint","urlTemplate":"https:\/\/autopedant.ee\/et\/?s={search_term_string}"},"query-input":{"@type":"PropertyValueSpecification","valueRequired":true,"valueName":"search_term_string"}}],"inLanguage":"et"},{"@type":"Organization","@id":"https:\/\/autopedant.ee\/et\/#organization","name":"Autopedant","url":"https:\/\/autopedant.ee\/et\/","logo":{"@type":"ImageObject","inLanguage":"et","@id":"https:\/\/autopedant.ee\/et\/#\/schema\/logo\/image\/","url":"https:\/\/autopedant.ee\/wp-content\/uploads\/2017\/03\/fulllogo.png","contentUrl":"https:\/\/autopedant.ee\/wp-content\/uploads\/2017\/03\/fulllogo.png","width":1136,"height":263,"caption":"Autopedant"},"image":{"@id":"https:\/\/autopedant.ee\/et\/#\/schema\/logo\/image\/"}}]}},"_links":{"self":[{"href":"https:\/\/autopedant.ee\/et\/wp-json\/wp\/v2\/product\/9858","targetHints":{"allow":["GET"]}}],"collection":[{"href":"https:\/\/autopedant.ee\/et\/wp-json\/wp\/v2\/product"}],"about":[{"href":"https:\/\/autopedant.ee\/et\/wp-json\/wp\/v2\/types\/product"}],"replies":[{"embeddable":true,"href":"https:\/\/autopedant.ee\/et\/wp-json\/wp\/v2\/comments?post=9858"}],"version-history":[{"count":5,"href":"https:\/\/autopedant.ee\/et\/wp-json\/wp\/v2\/product\/9858\/revisions"}],"predecessor-version":[{"id":10144,"href":"https:\/\/autopedant.ee\/et\/wp-json\/wp\/v2\/product\/9858\/revisions\/10144"}],"wp:featuredmedia":[{"embeddable":true,"href":"https:\/\/autopedant.ee\/et\/wp-json\/wp\/v2\/media\/9856"}],"wp:attachment":[{"href":"https:\/\/autopedant.ee\/et\/wp-json\/wp\/v2\/media?parent=9858"}],"wp:term":[{"taxonomy":"brand","embeddable":true,"href":"https:\/\/autopedant.ee\/et\/wp-json\/wp\/v2\/etheme_brands?post=9858"},{"taxonomy":"product_brand","embeddable":true,"href":"https:\/\/autopedant.ee\/et\/wp-json\/wp\/v2\/product_brand?post=9858"},{"taxonomy":"product_cat","embeddable":true,"href":"https:\/\/autopedant.ee\/et\/wp-json\/wp\/v2\/product_cat?post=9858"},{"taxonomy":"product_tag","embeddable":true,"href":"https:\/\/autopedant.ee\/et\/wp-json\/wp\/v2\/product_tag?post=9858"},{"taxonomy":"supplier","embeddable":true,"href":"https:\/\/autopedant.ee\/et\/wp-json\/wp\/v2\/supplier?post=9858"}],"curies":[{"name":"wp","href":"https:\/\/api.w.org\/{rel}","templated":true}]}}