{"id":9870,"date":"2024-02-13T08:32:43","date_gmt":"2024-02-13T08:32:43","guid":{"rendered":"https:\/\/autopedant.ee\/product\/ewocar-glasspro-protection-100ml\/"},"modified":"2024-02-15T05:36:07","modified_gmt":"2024-02-15T05:36:07","slug":"ewocar-glasspro-protection-100ml","status":"publish","type":"product","link":"https:\/\/autopedant.ee\/et\/toode\/ewocar-glasspro-protection-100ml\/","title":{"rendered":"Ewocar GlassPro Klaasikaitse 100ml"},"content":{"rendered":"<p>Keraamiline kaitse auto tuuleklaasile, sobib ka k\u00f5igile muudele v\u00e4listele klaaspindadele, tekitades vett ja mustust h\u00fclgava kihi.<\/p>\n<p>Muudab keerulistes oludes liikumise palju ohutumaks, kuna vesi hakkab tuuleklaasilt liikuma juba linnakiirustel (alates 50-60km\/h), samuti on putukate, lume, j\u00e4\u00e4 ning erineva mustuse eemaldamine ning pesemine kaitstud pindadelt palju kergem.<\/p>\n<p>Kasutamiseks peab olema t\u00f6\u00f6deldav pind puhas ning kuiv (soovitame enne kaitsekihti pind puhastada tootega 3D WIPE). Toode kanda pindadele pihustamise teel v\u00f5i aplikaatoriga, nii kuidas oma jaoks mugavam on, j\u00e4\u00e4k eemaldada kohe mikrofiiber lapiga.<\/p>\n<p>Kestvust kuni 24 kuud, olenevalt kojameeste kasutussagedusest ja muudest teguritest.<\/p>\n<h2>Omadused:<\/h2>\n<ul>\n<li>Vastupidavus kuni 24 kuud<\/li>\n<li>Kergelt putukate, mustuse ja j\u00e4\u00e4 eemaldamine;<\/li>\n<li>T\u00e4iesti n\u00e4htamatu<\/li>\n<li>Hea n\u00e4htavus vihmaga\/turvalisem s\u00f5it<\/li>\n<\/ul>\n<h2>Kasutamismeetod:<\/h2>\n<p>Pind peab olema t\u00e4ielikult puhas ja kuiv. Kandke kate pihustiga v\u00f5i aplikaatoriga ning poleerige kohe mikrokiust r\u00e4tikuga. Kuivamisaeg p\u00e4rast pealekandmist on 4 tundi.<\/p>\n<p><strong>Kulu:<\/strong> 5-10 ml 1 m<sup>2<\/sup> kohta, s\u00f5ltuvalt pinnast.<\/p>\n","protected":false},"excerpt":{"rendered":"<p>Ewocar Glass PRO loob klaasile n\u00e4htamatu nano-kilbi ja arendab vastupidavust veele, mudale, lumele ja j\u00e4\u00e4le, putukatele. S\u00f5ites kiirusega 60 km\/h ja rohkem, veetilgad h\u00fclgavad \u00e4ra &#8211; n\u00e4htamatud klaasipuhastid.<\/p>\n<h2>Omadused:<\/h2>\n<ul>\n<li>Vastupidavus kuni 24 kuud<\/li>\n<li>Kergelt putukate, mustuse ja j\u00e4\u00e4 eemaldamine;<\/li>\n<li>T\u00e4iesti n\u00e4htamatu<\/li>\n<li>Hea n\u00e4htavus vihmaga\/turvalisem s\u00f5it<\/li>\n<\/ul>\n","protected":false},"featured_media":9868,"comment_status":"open","ping_status":"closed","template":"","meta":[],"etheme_brands":[{"term_id":121,"name":"Ewocar","slug":"ewocar-et","term_group":0,"term_taxonomy_id":121,"taxonomy":"brand","description":"","parent":0,"count":10,"filter":"raw"}],"product_brand":[],"product_cat":[100,86,114,124,87,132],"product_tag":[162],"supplier":[122],"class_list":{"0":"post-9870","1":"product","2":"type-product","3":"status-publish","4":"has-post-thumbnail","6":"brand-ewocar-et","7":"product_cat-detailing-et","8":"product_cat-exterior-et","9":"product_cat-kaitsejataastamine-et","10":"product_cat-keraamika","11":"product_cat-glass-cleaners-et","12":"product_cat-pesujargne","13":"product_tag-ewocar","14":"supplier-ewocar-et","16":"first","17":"instock","18":"taxable","19":"shipping-taxable","20":"purchasable","21":"product-type-simple"},"bundled_by":[],"bundle_stock_status":"instock","bundle_stock_quantity":null,"bundle_virtual":false,"bundle_layout":"","bundle_add_to_cart_form_location":"","bundle_editable_in_cart":false,"bundle_sold_individually_context":"","bundle_item_grouping":"","bundle_min_size":"","bundle_max_size":"","bundle_price":[],"bundled_items":[],"bundle_sell_ids":[],"yoast_head":"<!-- This site is optimized with the Yoast SEO plugin v25.7 - https:\/\/yoast.com\/wordpress\/plugins\/seo\/ -->\n<title>Ewocar GlassPro Klaasikaitse 100ml - Autopedant | Car Care Store<\/title>\n<meta name=\"description\" content=\"Ewocar Glass PRO loob klaasile n\u00e4htamatu nano-kilbi ja arendab vastupidavust veele, mudale, lumele ja j\u00e4\u00e4le, putukatele. S\u00f5ites kiirusega 60 km\/h ja rohkem, veetilgad h\u00fclgavad \u00e4ra - n\u00e4htamatud klaasipuhastid.\" \/>\n<meta name=\"robots\" content=\"index, follow, max-snippet:-1, max-image-preview:large, max-video-preview:-1\" \/>\n<link rel=\"canonical\" href=\"https:\/\/autopedant.ee\/et\/toode\/ewocar-glasspro-protection-100ml\/\" \/>\n<meta property=\"og:locale\" content=\"et_EE\" \/>\n<meta property=\"og:type\" content=\"article\" \/>\n<meta property=\"og:title\" content=\"Ewocar GlassPro Klaasikaitse 100ml - Autopedant | Car Care Store\" \/>\n<meta property=\"og:description\" content=\"Ewocar Glass PRO loob klaasile n\u00e4htamatu nano-kilbi ja arendab vastupidavust veele, mudale, lumele ja j\u00e4\u00e4le, putukatele. S\u00f5ites kiirusega 60 km\/h ja rohkem, veetilgad h\u00fclgavad \u00e4ra - n\u00e4htamatud klaasipuhastid.\" \/>\n<meta property=\"og:url\" content=\"https:\/\/autopedant.ee\/et\/toode\/ewocar-glasspro-protection-100ml\/\" \/>\n<meta property=\"og:site_name\" content=\"Autopedant | Car Care Store\" \/>\n<meta property=\"article:modified_time\" content=\"2024-02-15T05:36:07+00:00\" \/>\n<meta property=\"og:image\" content=\"https:\/\/autopedant.ee\/wp-content\/uploads\/2024\/02\/glass_pro_100ml.jpg\" \/>\n\t<meta property=\"og:image:width\" content=\"468\" \/>\n\t<meta property=\"og:image:height\" content=\"776\" \/>\n\t<meta property=\"og:image:type\" content=\"image\/jpeg\" \/>\n<meta name=\"twitter:card\" content=\"summary_large_image\" \/>\n<meta name=\"twitter:label1\" content=\"Est. reading time\" \/>\n\t<meta name=\"twitter:data1\" content=\"1 minut\" \/>\n<script type=\"application\/ld+json\" class=\"yoast-schema-graph\">{\"@context\":\"https:\/\/schema.org\",\"@graph\":[{\"@type\":\"WebPage\",\"@id\":\"https:\/\/autopedant.ee\/et\/toode\/ewocar-glasspro-protection-100ml\/\",\"url\":\"https:\/\/autopedant.ee\/et\/toode\/ewocar-glasspro-protection-100ml\/\",\"name\":\"Ewocar GlassPro Klaasikaitse 100ml - Autopedant | Car Care Store\",\"isPartOf\":{\"@id\":\"https:\/\/autopedant.ee\/et\/#website\"},\"primaryImageOfPage\":{\"@id\":\"https:\/\/autopedant.ee\/et\/toode\/ewocar-glasspro-protection-100ml\/#primaryimage\"},\"image\":{\"@id\":\"https:\/\/autopedant.ee\/et\/toode\/ewocar-glasspro-protection-100ml\/#primaryimage\"},\"thumbnailUrl\":\"https:\/\/autopedant.ee\/wp-content\/uploads\/2024\/02\/glass_pro_100ml.jpg\",\"datePublished\":\"2024-02-13T08:32:43+00:00\",\"dateModified\":\"2024-02-15T05:36:07+00:00\",\"description\":\"Ewocar Glass PRO loob klaasile n\u00e4htamatu nano-kilbi ja arendab vastupidavust veele, mudale, lumele ja j\u00e4\u00e4le, putukatele. S\u00f5ites kiirusega 60 km\/h ja rohkem, veetilgad h\u00fclgavad \u00e4ra - n\u00e4htamatud klaasipuhastid.\",\"breadcrumb\":{\"@id\":\"https:\/\/autopedant.ee\/et\/toode\/ewocar-glasspro-protection-100ml\/#breadcrumb\"},\"inLanguage\":\"et\",\"potentialAction\":[{\"@type\":\"ReadAction\",\"target\":[\"https:\/\/autopedant.ee\/et\/toode\/ewocar-glasspro-protection-100ml\/\"]}]},{\"@type\":\"ImageObject\",\"inLanguage\":\"et\",\"@id\":\"https:\/\/autopedant.ee\/et\/toode\/ewocar-glasspro-protection-100ml\/#primaryimage\",\"url\":\"https:\/\/autopedant.ee\/wp-content\/uploads\/2024\/02\/glass_pro_100ml.jpg\",\"contentUrl\":\"https:\/\/autopedant.ee\/wp-content\/uploads\/2024\/02\/glass_pro_100ml.jpg\",\"width\":468,\"height\":776},{\"@type\":\"BreadcrumbList\",\"@id\":\"https:\/\/autopedant.ee\/et\/toode\/ewocar-glasspro-protection-100ml\/#breadcrumb\",\"itemListElement\":[{\"@type\":\"ListItem\",\"position\":1,\"name\":\"Esileht\",\"item\":\"https:\/\/autopedant.ee\/et\/\"},{\"@type\":\"ListItem\",\"position\":2,\"name\":\"Pood\",\"item\":\"https:\/\/autopedant.ee\/et\/shop-est\/\"},{\"@type\":\"ListItem\",\"position\":3,\"name\":\"Ewocar GlassPro Klaasikaitse 100ml\"}]},{\"@type\":\"WebSite\",\"@id\":\"https:\/\/autopedant.ee\/et\/#website\",\"url\":\"https:\/\/autopedant.ee\/et\/\",\"name\":\"Autopedant\",\"description\":\"Where passion meets perfection!\",\"publisher\":{\"@id\":\"https:\/\/autopedant.ee\/et\/#organization\"},\"potentialAction\":[{\"@type\":\"SearchAction\",\"target\":{\"@type\":\"EntryPoint\",\"urlTemplate\":\"https:\/\/autopedant.ee\/et\/?s={search_term_string}\"},\"query-input\":{\"@type\":\"PropertyValueSpecification\",\"valueRequired\":true,\"valueName\":\"search_term_string\"}}],\"inLanguage\":\"et\"},{\"@type\":\"Organization\",\"@id\":\"https:\/\/autopedant.ee\/et\/#organization\",\"name\":\"Autopedant\",\"url\":\"https:\/\/autopedant.ee\/et\/\",\"logo\":{\"@type\":\"ImageObject\",\"inLanguage\":\"et\",\"@id\":\"https:\/\/autopedant.ee\/et\/#\/schema\/logo\/image\/\",\"url\":\"https:\/\/autopedant.ee\/wp-content\/uploads\/2017\/03\/fulllogo.png\",\"contentUrl\":\"https:\/\/autopedant.ee\/wp-content\/uploads\/2017\/03\/fulllogo.png\",\"width\":1136,\"height\":263,\"caption\":\"Autopedant\"},\"image\":{\"@id\":\"https:\/\/autopedant.ee\/et\/#\/schema\/logo\/image\/\"}}]}<\/script>\n<!-- \/ Yoast SEO plugin. -->","yoast_head_json":{"title":"Ewocar GlassPro Klaasikaitse 100ml - Autopedant | Car Care Store","description":"Ewocar Glass PRO loob klaasile n\u00e4htamatu nano-kilbi ja arendab vastupidavust veele, mudale, lumele ja j\u00e4\u00e4le, putukatele. S\u00f5ites kiirusega 60 km\/h ja rohkem, veetilgad h\u00fclgavad \u00e4ra - n\u00e4htamatud klaasipuhastid.","robots":{"index":"index","follow":"follow","max-snippet":"max-snippet:-1","max-image-preview":"max-image-preview:large","max-video-preview":"max-video-preview:-1"},"canonical":"https:\/\/autopedant.ee\/et\/toode\/ewocar-glasspro-protection-100ml\/","og_locale":"et_EE","og_type":"article","og_title":"Ewocar GlassPro Klaasikaitse 100ml - Autopedant | Car Care Store","og_description":"Ewocar Glass PRO loob klaasile n\u00e4htamatu nano-kilbi ja arendab vastupidavust veele, mudale, lumele ja j\u00e4\u00e4le, putukatele. S\u00f5ites kiirusega 60 km\/h ja rohkem, veetilgad h\u00fclgavad \u00e4ra - n\u00e4htamatud klaasipuhastid.","og_url":"https:\/\/autopedant.ee\/et\/toode\/ewocar-glasspro-protection-100ml\/","og_site_name":"Autopedant | Car Care Store","article_modified_time":"2024-02-15T05:36:07+00:00","og_image":[{"width":468,"height":776,"url":"https:\/\/autopedant.ee\/wp-content\/uploads\/2024\/02\/glass_pro_100ml.jpg","type":"image\/jpeg"}],"twitter_card":"summary_large_image","twitter_misc":{"Est. reading time":"1 minut"},"schema":{"@context":"https:\/\/schema.org","@graph":[{"@type":"WebPage","@id":"https:\/\/autopedant.ee\/et\/toode\/ewocar-glasspro-protection-100ml\/","url":"https:\/\/autopedant.ee\/et\/toode\/ewocar-glasspro-protection-100ml\/","name":"Ewocar GlassPro Klaasikaitse 100ml - Autopedant | Car Care Store","isPartOf":{"@id":"https:\/\/autopedant.ee\/et\/#website"},"primaryImageOfPage":{"@id":"https:\/\/autopedant.ee\/et\/toode\/ewocar-glasspro-protection-100ml\/#primaryimage"},"image":{"@id":"https:\/\/autopedant.ee\/et\/toode\/ewocar-glasspro-protection-100ml\/#primaryimage"},"thumbnailUrl":"https:\/\/autopedant.ee\/wp-content\/uploads\/2024\/02\/glass_pro_100ml.jpg","datePublished":"2024-02-13T08:32:43+00:00","dateModified":"2024-02-15T05:36:07+00:00","description":"Ewocar Glass PRO loob klaasile n\u00e4htamatu nano-kilbi ja arendab vastupidavust veele, mudale, lumele ja j\u00e4\u00e4le, putukatele. S\u00f5ites kiirusega 60 km\/h ja rohkem, veetilgad h\u00fclgavad \u00e4ra - n\u00e4htamatud klaasipuhastid.","breadcrumb":{"@id":"https:\/\/autopedant.ee\/et\/toode\/ewocar-glasspro-protection-100ml\/#breadcrumb"},"inLanguage":"et","potentialAction":[{"@type":"ReadAction","target":["https:\/\/autopedant.ee\/et\/toode\/ewocar-glasspro-protection-100ml\/"]}]},{"@type":"ImageObject","inLanguage":"et","@id":"https:\/\/autopedant.ee\/et\/toode\/ewocar-glasspro-protection-100ml\/#primaryimage","url":"https:\/\/autopedant.ee\/wp-content\/uploads\/2024\/02\/glass_pro_100ml.jpg","contentUrl":"https:\/\/autopedant.ee\/wp-content\/uploads\/2024\/02\/glass_pro_100ml.jpg","width":468,"height":776},{"@type":"BreadcrumbList","@id":"https:\/\/autopedant.ee\/et\/toode\/ewocar-glasspro-protection-100ml\/#breadcrumb","itemListElement":[{"@type":"ListItem","position":1,"name":"Esileht","item":"https:\/\/autopedant.ee\/et\/"},{"@type":"ListItem","position":2,"name":"Pood","item":"https:\/\/autopedant.ee\/et\/shop-est\/"},{"@type":"ListItem","position":3,"name":"Ewocar GlassPro Klaasikaitse 100ml"}]},{"@type":"WebSite","@id":"https:\/\/autopedant.ee\/et\/#website","url":"https:\/\/autopedant.ee\/et\/","name":"Autopedant","description":"Where passion meets perfection!","publisher":{"@id":"https:\/\/autopedant.ee\/et\/#organization"},"potentialAction":[{"@type":"SearchAction","target":{"@type":"EntryPoint","urlTemplate":"https:\/\/autopedant.ee\/et\/?s={search_term_string}"},"query-input":{"@type":"PropertyValueSpecification","valueRequired":true,"valueName":"search_term_string"}}],"inLanguage":"et"},{"@type":"Organization","@id":"https:\/\/autopedant.ee\/et\/#organization","name":"Autopedant","url":"https:\/\/autopedant.ee\/et\/","logo":{"@type":"ImageObject","inLanguage":"et","@id":"https:\/\/autopedant.ee\/et\/#\/schema\/logo\/image\/","url":"https:\/\/autopedant.ee\/wp-content\/uploads\/2017\/03\/fulllogo.png","contentUrl":"https:\/\/autopedant.ee\/wp-content\/uploads\/2017\/03\/fulllogo.png","width":1136,"height":263,"caption":"Autopedant"},"image":{"@id":"https:\/\/autopedant.ee\/et\/#\/schema\/logo\/image\/"}}]}},"_links":{"self":[{"href":"https:\/\/autopedant.ee\/et\/wp-json\/wp\/v2\/product\/9870","targetHints":{"allow":["GET"]}}],"collection":[{"href":"https:\/\/autopedant.ee\/et\/wp-json\/wp\/v2\/product"}],"about":[{"href":"https:\/\/autopedant.ee\/et\/wp-json\/wp\/v2\/types\/product"}],"replies":[{"embeddable":true,"href":"https:\/\/autopedant.ee\/et\/wp-json\/wp\/v2\/comments?post=9870"}],"version-history":[{"count":5,"href":"https:\/\/autopedant.ee\/et\/wp-json\/wp\/v2\/product\/9870\/revisions"}],"predecessor-version":[{"id":10147,"href":"https:\/\/autopedant.ee\/et\/wp-json\/wp\/v2\/product\/9870\/revisions\/10147"}],"wp:featuredmedia":[{"embeddable":true,"href":"https:\/\/autopedant.ee\/et\/wp-json\/wp\/v2\/media\/9868"}],"wp:attachment":[{"href":"https:\/\/autopedant.ee\/et\/wp-json\/wp\/v2\/media?parent=9870"}],"wp:term":[{"taxonomy":"brand","embeddable":true,"href":"https:\/\/autopedant.ee\/et\/wp-json\/wp\/v2\/etheme_brands?post=9870"},{"taxonomy":"product_brand","embeddable":true,"href":"https:\/\/autopedant.ee\/et\/wp-json\/wp\/v2\/product_brand?post=9870"},{"taxonomy":"product_cat","embeddable":true,"href":"https:\/\/autopedant.ee\/et\/wp-json\/wp\/v2\/product_cat?post=9870"},{"taxonomy":"product_tag","embeddable":true,"href":"https:\/\/autopedant.ee\/et\/wp-json\/wp\/v2\/product_tag?post=9870"},{"taxonomy":"supplier","embeddable":true,"href":"https:\/\/autopedant.ee\/et\/wp-json\/wp\/v2\/supplier?post=9870"}],"curies":[{"name":"wp","href":"https:\/\/api.w.org\/{rel}","templated":true}]}}