{"id":9887,"date":"2024-02-13T08:58:37","date_gmt":"2024-02-13T08:58:37","guid":{"rendered":"https:\/\/autopedant.ee\/product\/ewocar-special-drying-towel\/"},"modified":"2024-02-15T05:40:03","modified_gmt":"2024-02-15T05:40:03","slug":"ewocar-special-drying-towel","status":"publish","type":"product","link":"https:\/\/autopedant.ee\/et\/toode\/ewocar-special-drying-towel\/","title":{"rendered":"Ewocar Special Kuivatusr\u00e4tik"},"content":{"rendered":"<p>Superkvaliteetne, v\u00e4ga imav pl\u00fc\u00fcsist kuivatusr\u00e4tik v\u00e4hendab kuivamisaega ja hoiab teie auto pinnad triibuvabana. Lihtsalt asetage s\u00f5idukile ja t\u00f5mmake \u00f5rnalt \u00fcle m\u00e4rja pinna.<\/p>\n<h2>Omadused:<\/h2>\n<ul>\n<li>Kaks suurust \u2013 60\u00d790 cm (24\u00d735 tolli) ja 40\u00d760 cm (16\u00d724 tolli)<\/li>\n<li>1200 GSM<\/li>\n<li>Kiire kuivamine<\/li>\n<li>T\u00e4iesti kiud- ja triibuvaba<\/li>\n<li>Kriimustustevaba kuivatus<\/li>\n<li>\u00dclimalt imav<\/li>\n<li>Servavaba<\/li>\n<\/ul>\n","protected":false},"excerpt":{"rendered":"<p>Superkvaliteetne, v\u00e4ga imav pl\u00fc\u00fcsist kuivatusr\u00e4tik v\u00e4hendab kuivamisaega ja hoiab teie auto pinnad triibuvabana. Lihtsalt asetage s\u00f5idukile ja t\u00f5mmake \u00f5rnalt \u00fcle m\u00e4rja pinna.<\/p>\n<h2>Omadused:<\/h2>\n<ul>\n<li>Kaks suurust \u2013 60\u00d790 cm (24\u00d735 tolli) ja 40\u00d760 cm (16\u00d724 tolli)<\/li>\n<li>1200 GSM<\/li>\n<li>Kiire kuivamine<\/li>\n<li>T\u00e4iesti kiud- ja triibuvaba<\/li>\n<li>Kriimustustevaba kuivatus<\/li>\n<li>\u00dclimalt imav<\/li>\n<li>Servavaba<\/li>\n<\/ul>\n","protected":false},"featured_media":9886,"comment_status":"open","ping_status":"closed","template":"","meta":[],"etheme_brands":[{"term_id":121,"name":"Ewocar","slug":"ewocar-et","term_group":0,"term_taxonomy_id":121,"taxonomy":"brand","description":"","parent":0,"count":10,"filter":"raw"}],"product_brand":[],"product_cat":[134,84],"product_tag":[],"supplier":[122],"class_list":{"0":"post-9887","1":"product","2":"type-product","3":"status-publish","4":"has-post-thumbnail","6":"brand-ewocar-et","7":"product_cat-kuivatusratikud","8":"product_cat-pesutarvikud","9":"supplier-ewocar-et","11":"first","12":"instock","13":"taxable","14":"shipping-taxable","15":"purchasable","16":"product-type-variable"},"bundled_by":[],"bundle_stock_status":"instock","bundle_stock_quantity":null,"bundle_virtual":false,"bundle_layout":"","bundle_add_to_cart_form_location":"","bundle_editable_in_cart":false,"bundle_sold_individually_context":"","bundle_item_grouping":"","bundle_min_size":"","bundle_max_size":"","bundle_price":[],"bundled_items":[],"bundle_sell_ids":[],"yoast_head":"<!-- This site is optimized with the Yoast SEO plugin v25.7 - https:\/\/yoast.com\/wordpress\/plugins\/seo\/ -->\n<title>Ewocar Special Kuivatusr\u00e4tik - Autopedant | Car Care Store<\/title>\n<meta name=\"description\" content=\"Super quality, super absorbent plush drying towel cuts down your drying time and keeps the surfaces of your car streak-free. Simply lay on the vehicle and gently pull across the wet surface.\" \/>\n<meta name=\"robots\" content=\"index, follow, max-snippet:-1, max-image-preview:large, max-video-preview:-1\" \/>\n<link rel=\"canonical\" href=\"https:\/\/autopedant.ee\/et\/toode\/ewocar-special-drying-towel\/\" \/>\n<meta property=\"og:locale\" content=\"et_EE\" \/>\n<meta property=\"og:type\" content=\"article\" \/>\n<meta property=\"og:title\" content=\"Ewocar Special Kuivatusr\u00e4tik - Autopedant | Car Care Store\" \/>\n<meta property=\"og:description\" content=\"Super quality, super absorbent plush drying towel cuts down your drying time and keeps the surfaces of your car streak-free. Simply lay on the vehicle and gently pull across the wet surface.\" \/>\n<meta property=\"og:url\" content=\"https:\/\/autopedant.ee\/et\/toode\/ewocar-special-drying-towel\/\" \/>\n<meta property=\"og:site_name\" content=\"Autopedant | Car Care Store\" \/>\n<meta property=\"article:modified_time\" content=\"2024-02-15T05:40:03+00:00\" \/>\n<meta property=\"og:image\" content=\"https:\/\/autopedant.ee\/wp-content\/uploads\/2024\/02\/speicaltowel.jpg\" \/>\n\t<meta property=\"og:image:width\" content=\"468\" \/>\n\t<meta property=\"og:image:height\" content=\"776\" \/>\n\t<meta property=\"og:image:type\" content=\"image\/jpeg\" \/>\n<meta name=\"twitter:card\" content=\"summary_large_image\" \/>\n<meta name=\"twitter:label1\" content=\"Est. reading time\" \/>\n\t<meta name=\"twitter:data1\" content=\"1 minut\" \/>\n<script type=\"application\/ld+json\" class=\"yoast-schema-graph\">{\"@context\":\"https:\/\/schema.org\",\"@graph\":[{\"@type\":\"WebPage\",\"@id\":\"https:\/\/autopedant.ee\/et\/toode\/ewocar-special-drying-towel\/\",\"url\":\"https:\/\/autopedant.ee\/et\/toode\/ewocar-special-drying-towel\/\",\"name\":\"Ewocar Special Kuivatusr\u00e4tik - Autopedant | Car Care Store\",\"isPartOf\":{\"@id\":\"https:\/\/autopedant.ee\/et\/#website\"},\"primaryImageOfPage\":{\"@id\":\"https:\/\/autopedant.ee\/et\/toode\/ewocar-special-drying-towel\/#primaryimage\"},\"image\":{\"@id\":\"https:\/\/autopedant.ee\/et\/toode\/ewocar-special-drying-towel\/#primaryimage\"},\"thumbnailUrl\":\"https:\/\/autopedant.ee\/wp-content\/uploads\/2024\/02\/speicaltowel.jpg\",\"datePublished\":\"2024-02-13T08:58:37+00:00\",\"dateModified\":\"2024-02-15T05:40:03+00:00\",\"description\":\"Super quality, super absorbent plush drying towel cuts down your drying time and keeps the surfaces of your car streak-free. Simply lay on the vehicle and gently pull across the wet surface.\",\"breadcrumb\":{\"@id\":\"https:\/\/autopedant.ee\/et\/toode\/ewocar-special-drying-towel\/#breadcrumb\"},\"inLanguage\":\"et\",\"potentialAction\":[{\"@type\":\"ReadAction\",\"target\":[\"https:\/\/autopedant.ee\/et\/toode\/ewocar-special-drying-towel\/\"]}]},{\"@type\":\"ImageObject\",\"inLanguage\":\"et\",\"@id\":\"https:\/\/autopedant.ee\/et\/toode\/ewocar-special-drying-towel\/#primaryimage\",\"url\":\"https:\/\/autopedant.ee\/wp-content\/uploads\/2024\/02\/speicaltowel.jpg\",\"contentUrl\":\"https:\/\/autopedant.ee\/wp-content\/uploads\/2024\/02\/speicaltowel.jpg\",\"width\":468,\"height\":776},{\"@type\":\"BreadcrumbList\",\"@id\":\"https:\/\/autopedant.ee\/et\/toode\/ewocar-special-drying-towel\/#breadcrumb\",\"itemListElement\":[{\"@type\":\"ListItem\",\"position\":1,\"name\":\"Esileht\",\"item\":\"https:\/\/autopedant.ee\/et\/\"},{\"@type\":\"ListItem\",\"position\":2,\"name\":\"Pood\",\"item\":\"https:\/\/autopedant.ee\/et\/shop-est\/\"},{\"@type\":\"ListItem\",\"position\":3,\"name\":\"Ewocar Special Kuivatusr\u00e4tik\"}]},{\"@type\":\"WebSite\",\"@id\":\"https:\/\/autopedant.ee\/et\/#website\",\"url\":\"https:\/\/autopedant.ee\/et\/\",\"name\":\"Autopedant\",\"description\":\"Where passion meets perfection!\",\"publisher\":{\"@id\":\"https:\/\/autopedant.ee\/et\/#organization\"},\"potentialAction\":[{\"@type\":\"SearchAction\",\"target\":{\"@type\":\"EntryPoint\",\"urlTemplate\":\"https:\/\/autopedant.ee\/et\/?s={search_term_string}\"},\"query-input\":{\"@type\":\"PropertyValueSpecification\",\"valueRequired\":true,\"valueName\":\"search_term_string\"}}],\"inLanguage\":\"et\"},{\"@type\":\"Organization\",\"@id\":\"https:\/\/autopedant.ee\/et\/#organization\",\"name\":\"Autopedant\",\"url\":\"https:\/\/autopedant.ee\/et\/\",\"logo\":{\"@type\":\"ImageObject\",\"inLanguage\":\"et\",\"@id\":\"https:\/\/autopedant.ee\/et\/#\/schema\/logo\/image\/\",\"url\":\"https:\/\/autopedant.ee\/wp-content\/uploads\/2017\/03\/fulllogo.png\",\"contentUrl\":\"https:\/\/autopedant.ee\/wp-content\/uploads\/2017\/03\/fulllogo.png\",\"width\":1136,\"height\":263,\"caption\":\"Autopedant\"},\"image\":{\"@id\":\"https:\/\/autopedant.ee\/et\/#\/schema\/logo\/image\/\"}}]}<\/script>\n<!-- \/ Yoast SEO plugin. -->","yoast_head_json":{"title":"Ewocar Special Kuivatusr\u00e4tik - Autopedant | Car Care Store","description":"Super quality, super absorbent plush drying towel cuts down your drying time and keeps the surfaces of your car streak-free. Simply lay on the vehicle and gently pull across the wet surface.","robots":{"index":"index","follow":"follow","max-snippet":"max-snippet:-1","max-image-preview":"max-image-preview:large","max-video-preview":"max-video-preview:-1"},"canonical":"https:\/\/autopedant.ee\/et\/toode\/ewocar-special-drying-towel\/","og_locale":"et_EE","og_type":"article","og_title":"Ewocar Special Kuivatusr\u00e4tik - Autopedant | Car Care Store","og_description":"Super quality, super absorbent plush drying towel cuts down your drying time and keeps the surfaces of your car streak-free. Simply lay on the vehicle and gently pull across the wet surface.","og_url":"https:\/\/autopedant.ee\/et\/toode\/ewocar-special-drying-towel\/","og_site_name":"Autopedant | Car Care Store","article_modified_time":"2024-02-15T05:40:03+00:00","og_image":[{"width":468,"height":776,"url":"https:\/\/autopedant.ee\/wp-content\/uploads\/2024\/02\/speicaltowel.jpg","type":"image\/jpeg"}],"twitter_card":"summary_large_image","twitter_misc":{"Est. reading time":"1 minut"},"schema":{"@context":"https:\/\/schema.org","@graph":[{"@type":"WebPage","@id":"https:\/\/autopedant.ee\/et\/toode\/ewocar-special-drying-towel\/","url":"https:\/\/autopedant.ee\/et\/toode\/ewocar-special-drying-towel\/","name":"Ewocar Special Kuivatusr\u00e4tik - Autopedant | Car Care Store","isPartOf":{"@id":"https:\/\/autopedant.ee\/et\/#website"},"primaryImageOfPage":{"@id":"https:\/\/autopedant.ee\/et\/toode\/ewocar-special-drying-towel\/#primaryimage"},"image":{"@id":"https:\/\/autopedant.ee\/et\/toode\/ewocar-special-drying-towel\/#primaryimage"},"thumbnailUrl":"https:\/\/autopedant.ee\/wp-content\/uploads\/2024\/02\/speicaltowel.jpg","datePublished":"2024-02-13T08:58:37+00:00","dateModified":"2024-02-15T05:40:03+00:00","description":"Super quality, super absorbent plush drying towel cuts down your drying time and keeps the surfaces of your car streak-free. Simply lay on the vehicle and gently pull across the wet surface.","breadcrumb":{"@id":"https:\/\/autopedant.ee\/et\/toode\/ewocar-special-drying-towel\/#breadcrumb"},"inLanguage":"et","potentialAction":[{"@type":"ReadAction","target":["https:\/\/autopedant.ee\/et\/toode\/ewocar-special-drying-towel\/"]}]},{"@type":"ImageObject","inLanguage":"et","@id":"https:\/\/autopedant.ee\/et\/toode\/ewocar-special-drying-towel\/#primaryimage","url":"https:\/\/autopedant.ee\/wp-content\/uploads\/2024\/02\/speicaltowel.jpg","contentUrl":"https:\/\/autopedant.ee\/wp-content\/uploads\/2024\/02\/speicaltowel.jpg","width":468,"height":776},{"@type":"BreadcrumbList","@id":"https:\/\/autopedant.ee\/et\/toode\/ewocar-special-drying-towel\/#breadcrumb","itemListElement":[{"@type":"ListItem","position":1,"name":"Esileht","item":"https:\/\/autopedant.ee\/et\/"},{"@type":"ListItem","position":2,"name":"Pood","item":"https:\/\/autopedant.ee\/et\/shop-est\/"},{"@type":"ListItem","position":3,"name":"Ewocar Special Kuivatusr\u00e4tik"}]},{"@type":"WebSite","@id":"https:\/\/autopedant.ee\/et\/#website","url":"https:\/\/autopedant.ee\/et\/","name":"Autopedant","description":"Where passion meets perfection!","publisher":{"@id":"https:\/\/autopedant.ee\/et\/#organization"},"potentialAction":[{"@type":"SearchAction","target":{"@type":"EntryPoint","urlTemplate":"https:\/\/autopedant.ee\/et\/?s={search_term_string}"},"query-input":{"@type":"PropertyValueSpecification","valueRequired":true,"valueName":"search_term_string"}}],"inLanguage":"et"},{"@type":"Organization","@id":"https:\/\/autopedant.ee\/et\/#organization","name":"Autopedant","url":"https:\/\/autopedant.ee\/et\/","logo":{"@type":"ImageObject","inLanguage":"et","@id":"https:\/\/autopedant.ee\/et\/#\/schema\/logo\/image\/","url":"https:\/\/autopedant.ee\/wp-content\/uploads\/2017\/03\/fulllogo.png","contentUrl":"https:\/\/autopedant.ee\/wp-content\/uploads\/2017\/03\/fulllogo.png","width":1136,"height":263,"caption":"Autopedant"},"image":{"@id":"https:\/\/autopedant.ee\/et\/#\/schema\/logo\/image\/"}}]}},"_links":{"self":[{"href":"https:\/\/autopedant.ee\/et\/wp-json\/wp\/v2\/product\/9887","targetHints":{"allow":["GET"]}}],"collection":[{"href":"https:\/\/autopedant.ee\/et\/wp-json\/wp\/v2\/product"}],"about":[{"href":"https:\/\/autopedant.ee\/et\/wp-json\/wp\/v2\/types\/product"}],"replies":[{"embeddable":true,"href":"https:\/\/autopedant.ee\/et\/wp-json\/wp\/v2\/comments?post=9887"}],"version-history":[{"count":5,"href":"https:\/\/autopedant.ee\/et\/wp-json\/wp\/v2\/product\/9887\/revisions"}],"predecessor-version":[{"id":10149,"href":"https:\/\/autopedant.ee\/et\/wp-json\/wp\/v2\/product\/9887\/revisions\/10149"}],"wp:featuredmedia":[{"embeddable":true,"href":"https:\/\/autopedant.ee\/et\/wp-json\/wp\/v2\/media\/9886"}],"wp:attachment":[{"href":"https:\/\/autopedant.ee\/et\/wp-json\/wp\/v2\/media?parent=9887"}],"wp:term":[{"taxonomy":"brand","embeddable":true,"href":"https:\/\/autopedant.ee\/et\/wp-json\/wp\/v2\/etheme_brands?post=9887"},{"taxonomy":"product_brand","embeddable":true,"href":"https:\/\/autopedant.ee\/et\/wp-json\/wp\/v2\/product_brand?post=9887"},{"taxonomy":"product_cat","embeddable":true,"href":"https:\/\/autopedant.ee\/et\/wp-json\/wp\/v2\/product_cat?post=9887"},{"taxonomy":"product_tag","embeddable":true,"href":"https:\/\/autopedant.ee\/et\/wp-json\/wp\/v2\/product_tag?post=9887"},{"taxonomy":"supplier","embeddable":true,"href":"https:\/\/autopedant.ee\/et\/wp-json\/wp\/v2\/supplier?post=9887"}],"curies":[{"name":"wp","href":"https:\/\/api.w.org\/{rel}","templated":true}]}}