{"id":9898,"date":"2024-02-13T09:30:32","date_gmt":"2024-02-13T09:30:32","guid":{"rendered":"https:\/\/autopedant.ee\/product\/ewocar-wheelwoolie-wheel-brush\/"},"modified":"2024-02-13T17:36:26","modified_gmt":"2024-02-13T17:36:26","slug":"ewocar-wheelwoolie-wheel-brush","status":"publish","type":"product","link":"https:\/\/autopedant.ee\/et\/toode\/ewocar-wheelwoolie-wheel-brush\/","title":{"rendered":"Ewocar WheelWoolie Veljehari"},"content":{"rendered":"<p>Spetsiaalne mikrofiiber hari vajadusel raskesti ligip\u00e4\u00e4setavate kohtade viimistluspuhastamiseks (velje sisepinnad, uksevahed, summutiotste \u00fcmbrused, mootoriruum jms.).<\/p>\n<p>Toodetud pehmest mikrofiibrist, ei riku pindasid.<\/p>\n<p>Toodetud vastupidavast materjalist ning on v\u00e4ga k\u00e4ep\u00e4rane.<\/p>\n","protected":false},"excerpt":{"rendered":"<p>Spetsiaalne mikrofiiber hari vajadusel raskesti ligip\u00e4\u00e4setavate kohtade viimistluspuhastamiseks (velje sisepinnad, uksevahed, summutiotste \u00fcmbrused, mootoriruum jms.).<\/p>\n<p>Toodetud pehmest mikrofiibrist, ei riku pindasid.<\/p>\n<p>Toodetud vastupidavast materjalist ning on v\u00e4ga k\u00e4ep\u00e4rane.<\/p>\n","protected":false},"featured_media":9896,"comment_status":"open","ping_status":"closed","template":"","meta":[],"etheme_brands":[{"term_id":121,"name":"Ewocar","slug":"ewocar-et","term_group":0,"term_taxonomy_id":121,"taxonomy":"brand","description":"","parent":0,"count":10,"filter":"raw"}],"product_brand":[],"product_cat":[86,139,84,103],"product_tag":[],"supplier":[122],"class_list":{"0":"post-9898","1":"product","2":"type-product","3":"status-publish","4":"has-post-thumbnail","6":"brand-ewocar-et","7":"product_cat-exterior-et","8":"product_cat-harjad","9":"product_cat-pesutarvikud","10":"product_cat-veljed-ja-rehvid","11":"supplier-ewocar-et","13":"first","14":"instock","15":"taxable","16":"shipping-taxable","17":"purchasable","18":"product-type-simple"},"bundled_by":[],"bundle_stock_status":"instock","bundle_stock_quantity":null,"bundle_virtual":false,"bundle_layout":"","bundle_add_to_cart_form_location":"","bundle_editable_in_cart":false,"bundle_sold_individually_context":"","bundle_item_grouping":"","bundle_min_size":"","bundle_max_size":"","bundle_price":[],"bundled_items":[],"bundle_sell_ids":[],"yoast_head":"<!-- This site is optimized with the Yoast SEO plugin v25.7 - https:\/\/yoast.com\/wordpress\/plugins\/seo\/ -->\n<title>Ewocar WheelWoolie Veljehari - Autopedant | Car Care Store<\/title>\n<meta name=\"description\" content=\"Spetsiaalne mikrofiiber hari vajadusel raskesti ligip\u00e4\u00e4setavate kohtade viimistluspuhastamiseks (velje sisepinnad, uksevahed, summutiotste \u00fcmbrused, mootoriruum jms.).\" \/>\n<meta name=\"robots\" content=\"index, follow, max-snippet:-1, max-image-preview:large, max-video-preview:-1\" \/>\n<link rel=\"canonical\" href=\"https:\/\/autopedant.ee\/et\/toode\/ewocar-wheelwoolie-wheel-brush\/\" \/>\n<meta property=\"og:locale\" content=\"et_EE\" \/>\n<meta property=\"og:type\" content=\"article\" \/>\n<meta property=\"og:title\" content=\"Ewocar WheelWoolie Veljehari - Autopedant | Car Care Store\" \/>\n<meta property=\"og:description\" content=\"Spetsiaalne mikrofiiber hari vajadusel raskesti ligip\u00e4\u00e4setavate kohtade viimistluspuhastamiseks (velje sisepinnad, uksevahed, summutiotste \u00fcmbrused, mootoriruum jms.).\" \/>\n<meta property=\"og:url\" content=\"https:\/\/autopedant.ee\/et\/toode\/ewocar-wheelwoolie-wheel-brush\/\" \/>\n<meta property=\"og:site_name\" content=\"Autopedant | Car Care Store\" \/>\n<meta property=\"article:modified_time\" content=\"2024-02-13T17:36:26+00:00\" \/>\n<meta property=\"og:image\" content=\"https:\/\/autopedant.ee\/wp-content\/uploads\/2024\/02\/ewocar-wheel-woolie.jpg\" \/>\n\t<meta property=\"og:image:width\" content=\"468\" \/>\n\t<meta property=\"og:image:height\" content=\"776\" \/>\n\t<meta property=\"og:image:type\" content=\"image\/jpeg\" \/>\n<meta name=\"twitter:card\" content=\"summary_large_image\" \/>\n<meta name=\"twitter:label1\" content=\"Est. reading time\" \/>\n\t<meta name=\"twitter:data1\" content=\"1 minut\" \/>\n<script type=\"application\/ld+json\" class=\"yoast-schema-graph\">{\"@context\":\"https:\/\/schema.org\",\"@graph\":[{\"@type\":\"WebPage\",\"@id\":\"https:\/\/autopedant.ee\/et\/toode\/ewocar-wheelwoolie-wheel-brush\/\",\"url\":\"https:\/\/autopedant.ee\/et\/toode\/ewocar-wheelwoolie-wheel-brush\/\",\"name\":\"Ewocar WheelWoolie Veljehari - Autopedant | Car Care Store\",\"isPartOf\":{\"@id\":\"https:\/\/autopedant.ee\/et\/#website\"},\"primaryImageOfPage\":{\"@id\":\"https:\/\/autopedant.ee\/et\/toode\/ewocar-wheelwoolie-wheel-brush\/#primaryimage\"},\"image\":{\"@id\":\"https:\/\/autopedant.ee\/et\/toode\/ewocar-wheelwoolie-wheel-brush\/#primaryimage\"},\"thumbnailUrl\":\"https:\/\/autopedant.ee\/wp-content\/uploads\/2024\/02\/ewocar-wheel-woolie.jpg\",\"datePublished\":\"2024-02-13T09:30:32+00:00\",\"dateModified\":\"2024-02-13T17:36:26+00:00\",\"description\":\"Spetsiaalne mikrofiiber hari vajadusel raskesti ligip\u00e4\u00e4setavate kohtade viimistluspuhastamiseks (velje sisepinnad, uksevahed, summutiotste \u00fcmbrused, mootoriruum jms.).\",\"breadcrumb\":{\"@id\":\"https:\/\/autopedant.ee\/et\/toode\/ewocar-wheelwoolie-wheel-brush\/#breadcrumb\"},\"inLanguage\":\"et\",\"potentialAction\":[{\"@type\":\"ReadAction\",\"target\":[\"https:\/\/autopedant.ee\/et\/toode\/ewocar-wheelwoolie-wheel-brush\/\"]}]},{\"@type\":\"ImageObject\",\"inLanguage\":\"et\",\"@id\":\"https:\/\/autopedant.ee\/et\/toode\/ewocar-wheelwoolie-wheel-brush\/#primaryimage\",\"url\":\"https:\/\/autopedant.ee\/wp-content\/uploads\/2024\/02\/ewocar-wheel-woolie.jpg\",\"contentUrl\":\"https:\/\/autopedant.ee\/wp-content\/uploads\/2024\/02\/ewocar-wheel-woolie.jpg\",\"width\":468,\"height\":776},{\"@type\":\"BreadcrumbList\",\"@id\":\"https:\/\/autopedant.ee\/et\/toode\/ewocar-wheelwoolie-wheel-brush\/#breadcrumb\",\"itemListElement\":[{\"@type\":\"ListItem\",\"position\":1,\"name\":\"Esileht\",\"item\":\"https:\/\/autopedant.ee\/et\/\"},{\"@type\":\"ListItem\",\"position\":2,\"name\":\"Pood\",\"item\":\"https:\/\/autopedant.ee\/et\/shop-est\/\"},{\"@type\":\"ListItem\",\"position\":3,\"name\":\"Ewocar WheelWoolie Veljehari\"}]},{\"@type\":\"WebSite\",\"@id\":\"https:\/\/autopedant.ee\/et\/#website\",\"url\":\"https:\/\/autopedant.ee\/et\/\",\"name\":\"Autopedant\",\"description\":\"Where passion meets perfection!\",\"publisher\":{\"@id\":\"https:\/\/autopedant.ee\/et\/#organization\"},\"potentialAction\":[{\"@type\":\"SearchAction\",\"target\":{\"@type\":\"EntryPoint\",\"urlTemplate\":\"https:\/\/autopedant.ee\/et\/?s={search_term_string}\"},\"query-input\":{\"@type\":\"PropertyValueSpecification\",\"valueRequired\":true,\"valueName\":\"search_term_string\"}}],\"inLanguage\":\"et\"},{\"@type\":\"Organization\",\"@id\":\"https:\/\/autopedant.ee\/et\/#organization\",\"name\":\"Autopedant\",\"url\":\"https:\/\/autopedant.ee\/et\/\",\"logo\":{\"@type\":\"ImageObject\",\"inLanguage\":\"et\",\"@id\":\"https:\/\/autopedant.ee\/et\/#\/schema\/logo\/image\/\",\"url\":\"https:\/\/autopedant.ee\/wp-content\/uploads\/2017\/03\/fulllogo.png\",\"contentUrl\":\"https:\/\/autopedant.ee\/wp-content\/uploads\/2017\/03\/fulllogo.png\",\"width\":1136,\"height\":263,\"caption\":\"Autopedant\"},\"image\":{\"@id\":\"https:\/\/autopedant.ee\/et\/#\/schema\/logo\/image\/\"}}]}<\/script>\n<!-- \/ Yoast SEO plugin. -->","yoast_head_json":{"title":"Ewocar WheelWoolie Veljehari - Autopedant | Car Care Store","description":"Spetsiaalne mikrofiiber hari vajadusel raskesti ligip\u00e4\u00e4setavate kohtade viimistluspuhastamiseks (velje sisepinnad, uksevahed, summutiotste \u00fcmbrused, mootoriruum jms.).","robots":{"index":"index","follow":"follow","max-snippet":"max-snippet:-1","max-image-preview":"max-image-preview:large","max-video-preview":"max-video-preview:-1"},"canonical":"https:\/\/autopedant.ee\/et\/toode\/ewocar-wheelwoolie-wheel-brush\/","og_locale":"et_EE","og_type":"article","og_title":"Ewocar WheelWoolie Veljehari - Autopedant | Car Care Store","og_description":"Spetsiaalne mikrofiiber hari vajadusel raskesti ligip\u00e4\u00e4setavate kohtade viimistluspuhastamiseks (velje sisepinnad, uksevahed, summutiotste \u00fcmbrused, mootoriruum jms.).","og_url":"https:\/\/autopedant.ee\/et\/toode\/ewocar-wheelwoolie-wheel-brush\/","og_site_name":"Autopedant | Car Care Store","article_modified_time":"2024-02-13T17:36:26+00:00","og_image":[{"width":468,"height":776,"url":"https:\/\/autopedant.ee\/wp-content\/uploads\/2024\/02\/ewocar-wheel-woolie.jpg","type":"image\/jpeg"}],"twitter_card":"summary_large_image","twitter_misc":{"Est. reading time":"1 minut"},"schema":{"@context":"https:\/\/schema.org","@graph":[{"@type":"WebPage","@id":"https:\/\/autopedant.ee\/et\/toode\/ewocar-wheelwoolie-wheel-brush\/","url":"https:\/\/autopedant.ee\/et\/toode\/ewocar-wheelwoolie-wheel-brush\/","name":"Ewocar WheelWoolie Veljehari - Autopedant | Car Care Store","isPartOf":{"@id":"https:\/\/autopedant.ee\/et\/#website"},"primaryImageOfPage":{"@id":"https:\/\/autopedant.ee\/et\/toode\/ewocar-wheelwoolie-wheel-brush\/#primaryimage"},"image":{"@id":"https:\/\/autopedant.ee\/et\/toode\/ewocar-wheelwoolie-wheel-brush\/#primaryimage"},"thumbnailUrl":"https:\/\/autopedant.ee\/wp-content\/uploads\/2024\/02\/ewocar-wheel-woolie.jpg","datePublished":"2024-02-13T09:30:32+00:00","dateModified":"2024-02-13T17:36:26+00:00","description":"Spetsiaalne mikrofiiber hari vajadusel raskesti ligip\u00e4\u00e4setavate kohtade viimistluspuhastamiseks (velje sisepinnad, uksevahed, summutiotste \u00fcmbrused, mootoriruum jms.).","breadcrumb":{"@id":"https:\/\/autopedant.ee\/et\/toode\/ewocar-wheelwoolie-wheel-brush\/#breadcrumb"},"inLanguage":"et","potentialAction":[{"@type":"ReadAction","target":["https:\/\/autopedant.ee\/et\/toode\/ewocar-wheelwoolie-wheel-brush\/"]}]},{"@type":"ImageObject","inLanguage":"et","@id":"https:\/\/autopedant.ee\/et\/toode\/ewocar-wheelwoolie-wheel-brush\/#primaryimage","url":"https:\/\/autopedant.ee\/wp-content\/uploads\/2024\/02\/ewocar-wheel-woolie.jpg","contentUrl":"https:\/\/autopedant.ee\/wp-content\/uploads\/2024\/02\/ewocar-wheel-woolie.jpg","width":468,"height":776},{"@type":"BreadcrumbList","@id":"https:\/\/autopedant.ee\/et\/toode\/ewocar-wheelwoolie-wheel-brush\/#breadcrumb","itemListElement":[{"@type":"ListItem","position":1,"name":"Esileht","item":"https:\/\/autopedant.ee\/et\/"},{"@type":"ListItem","position":2,"name":"Pood","item":"https:\/\/autopedant.ee\/et\/shop-est\/"},{"@type":"ListItem","position":3,"name":"Ewocar WheelWoolie Veljehari"}]},{"@type":"WebSite","@id":"https:\/\/autopedant.ee\/et\/#website","url":"https:\/\/autopedant.ee\/et\/","name":"Autopedant","description":"Where passion meets perfection!","publisher":{"@id":"https:\/\/autopedant.ee\/et\/#organization"},"potentialAction":[{"@type":"SearchAction","target":{"@type":"EntryPoint","urlTemplate":"https:\/\/autopedant.ee\/et\/?s={search_term_string}"},"query-input":{"@type":"PropertyValueSpecification","valueRequired":true,"valueName":"search_term_string"}}],"inLanguage":"et"},{"@type":"Organization","@id":"https:\/\/autopedant.ee\/et\/#organization","name":"Autopedant","url":"https:\/\/autopedant.ee\/et\/","logo":{"@type":"ImageObject","inLanguage":"et","@id":"https:\/\/autopedant.ee\/et\/#\/schema\/logo\/image\/","url":"https:\/\/autopedant.ee\/wp-content\/uploads\/2017\/03\/fulllogo.png","contentUrl":"https:\/\/autopedant.ee\/wp-content\/uploads\/2017\/03\/fulllogo.png","width":1136,"height":263,"caption":"Autopedant"},"image":{"@id":"https:\/\/autopedant.ee\/et\/#\/schema\/logo\/image\/"}}]}},"_links":{"self":[{"href":"https:\/\/autopedant.ee\/et\/wp-json\/wp\/v2\/product\/9898","targetHints":{"allow":["GET"]}}],"collection":[{"href":"https:\/\/autopedant.ee\/et\/wp-json\/wp\/v2\/product"}],"about":[{"href":"https:\/\/autopedant.ee\/et\/wp-json\/wp\/v2\/types\/product"}],"replies":[{"embeddable":true,"href":"https:\/\/autopedant.ee\/et\/wp-json\/wp\/v2\/comments?post=9898"}],"version-history":[{"count":2,"href":"https:\/\/autopedant.ee\/et\/wp-json\/wp\/v2\/product\/9898\/revisions"}],"predecessor-version":[{"id":9900,"href":"https:\/\/autopedant.ee\/et\/wp-json\/wp\/v2\/product\/9898\/revisions\/9900"}],"wp:featuredmedia":[{"embeddable":true,"href":"https:\/\/autopedant.ee\/et\/wp-json\/wp\/v2\/media\/9896"}],"wp:attachment":[{"href":"https:\/\/autopedant.ee\/et\/wp-json\/wp\/v2\/media?parent=9898"}],"wp:term":[{"taxonomy":"brand","embeddable":true,"href":"https:\/\/autopedant.ee\/et\/wp-json\/wp\/v2\/etheme_brands?post=9898"},{"taxonomy":"product_brand","embeddable":true,"href":"https:\/\/autopedant.ee\/et\/wp-json\/wp\/v2\/product_brand?post=9898"},{"taxonomy":"product_cat","embeddable":true,"href":"https:\/\/autopedant.ee\/et\/wp-json\/wp\/v2\/product_cat?post=9898"},{"taxonomy":"product_tag","embeddable":true,"href":"https:\/\/autopedant.ee\/et\/wp-json\/wp\/v2\/product_tag?post=9898"},{"taxonomy":"supplier","embeddable":true,"href":"https:\/\/autopedant.ee\/et\/wp-json\/wp\/v2\/supplier?post=9898"}],"curies":[{"name":"wp","href":"https:\/\/api.w.org\/{rel}","templated":true}]}}