{"id":9905,"date":"2024-02-13T09:49:02","date_gmt":"2024-02-13T09:49:02","guid":{"rendered":"https:\/\/autopedant.ee\/product\/ewocar-washmitt\/"},"modified":"2024-02-15T05:44:06","modified_gmt":"2024-02-15T05:44:06","slug":"ewocar-washmitt","status":"publish","type":"product","link":"https:\/\/autopedant.ee\/et\/toode\/ewocar-washmitt\/","title":{"rendered":"Ewocar WashMitt Pesukinnas"},"content":{"rendered":"<p>K\u00f5rge kvaliteediga pehme mikrofiibrist autopesu pesukinnas, mis muudab auto pesemise v\u00e4ga ohutuks ning pakub samal ajal effektiivset \u0161ampoonikulu. \u00dclimalt pehme, t\u00f5stab mustust, et v\u00e4ltida kriimustusi. V\u00e4ga imav koos k\u00e4snamembraaniga. Masinpestav ning professionaalne ja k\u00f5rgekvaliteediline pesukinnas, mis on pehme, ohutu ja efektiivne. T\u00e4nu ekstra polsterdusele suudab imada suure koguse \u0161ampooni, toode on masinpestav.<\/p>\n<h2>Omadused:<\/h2>\n<ul>\n<li>Suurus 28\u00d720 cm (11\u00d78 tolli)<\/li>\n<li>Kaal 95 g<\/li>\n<\/ul>\n","protected":false},"excerpt":{"rendered":"<p>K\u00f5rge kvaliteediga pehme mikrofiibrist autopesu pesukinnas, mis muudab auto pesemise v\u00e4ga ohutuks ning pakub samal ajal effektiivset \u0161ampoonikulu. \u00dclimalt pehme, t\u00f5stab mustust, et v\u00e4ltida kriimustusi. V\u00e4ga imav koos k\u00e4snamembraaniga. Masinpestav ning professionaalne ja k\u00f5rgekvaliteediline pesukinnas, mis on pehme, ohutu ja efektiivne. T\u00e4nu ekstra polsterdusele suudab imada suure koguse \u0161ampooni, toode on masinpestav.<\/p>\n<h2>Omadused:<\/h2>\n<ul>\n<li>Suurus 28\u00d720 cm (11\u00d78 tolli)<\/li>\n<li>Kaal 95 g<\/li>\n<\/ul>\n","protected":false},"featured_media":9903,"comment_status":"open","ping_status":"closed","template":"","meta":[],"etheme_brands":[{"term_id":121,"name":"Ewocar","slug":"ewocar-et","term_group":0,"term_taxonomy_id":121,"taxonomy":"brand","description":"","parent":0,"count":10,"filter":"raw"}],"product_brand":[],"product_cat":[84,113],"product_tag":[142],"supplier":[122],"class_list":{"0":"post-9905","1":"product","2":"type-product","3":"status-publish","4":"has-post-thumbnail","6":"brand-ewocar-et","7":"product_cat-pesutarvikud","8":"product_cat-svammidjakindad","9":"product_tag-carwash-et","10":"supplier-ewocar-et","12":"first","13":"instock","14":"taxable","15":"shipping-taxable","16":"purchasable","17":"product-type-simple"},"bundled_by":[],"bundle_stock_status":"instock","bundle_stock_quantity":null,"bundle_virtual":false,"bundle_layout":"","bundle_add_to_cart_form_location":"","bundle_editable_in_cart":false,"bundle_sold_individually_context":"","bundle_item_grouping":"","bundle_min_size":"","bundle_max_size":"","bundle_price":[],"bundled_items":[],"bundle_sell_ids":[],"yoast_head":"<!-- This site is optimized with the Yoast SEO plugin v25.7 - https:\/\/yoast.com\/wordpress\/plugins\/seo\/ -->\n<title>Ewocar WashMitt Pesukinnas - Autopedant | Car Care Store<\/title>\n<meta name=\"description\" content=\"Professional &amp; high quality washing mitt that is soft, safe and efficient.K\u00f5rge kvaliteediga pehme mikrofiibrist autopesu pesukinnas, mis muudab auto pesemise v\u00e4ga ohutuks ning pakub samal ajal effektiivset \u0161ampoonikulu. \u00dclimalt pehme, t\u00f5stab mustust, et v\u00e4ltida kriimustusi.\" \/>\n<meta name=\"robots\" content=\"index, follow, max-snippet:-1, max-image-preview:large, max-video-preview:-1\" \/>\n<link rel=\"canonical\" href=\"https:\/\/autopedant.ee\/et\/toode\/ewocar-washmitt\/\" \/>\n<meta property=\"og:locale\" content=\"et_EE\" \/>\n<meta property=\"og:type\" content=\"article\" \/>\n<meta property=\"og:title\" content=\"Ewocar WashMitt Pesukinnas - Autopedant | Car Care Store\" \/>\n<meta property=\"og:description\" content=\"Professional &amp; high quality washing mitt that is soft, safe and efficient.K\u00f5rge kvaliteediga pehme mikrofiibrist autopesu pesukinnas, mis muudab auto pesemise v\u00e4ga ohutuks ning pakub samal ajal effektiivset \u0161ampoonikulu. \u00dclimalt pehme, t\u00f5stab mustust, et v\u00e4ltida kriimustusi.\" \/>\n<meta property=\"og:url\" content=\"https:\/\/autopedant.ee\/et\/toode\/ewocar-washmitt\/\" \/>\n<meta property=\"og:site_name\" content=\"Autopedant | Car Care Store\" \/>\n<meta property=\"article:modified_time\" content=\"2024-02-15T05:44:06+00:00\" \/>\n<meta property=\"og:image\" content=\"https:\/\/autopedant.ee\/wp-content\/uploads\/2024\/02\/ewocarwashmitt.jpg\" \/>\n\t<meta property=\"og:image:width\" content=\"468\" \/>\n\t<meta property=\"og:image:height\" content=\"776\" \/>\n\t<meta property=\"og:image:type\" content=\"image\/jpeg\" \/>\n<meta name=\"twitter:card\" content=\"summary_large_image\" \/>\n<meta name=\"twitter:label1\" content=\"Est. reading time\" \/>\n\t<meta name=\"twitter:data1\" content=\"1 minut\" \/>\n<script type=\"application\/ld+json\" class=\"yoast-schema-graph\">{\"@context\":\"https:\/\/schema.org\",\"@graph\":[{\"@type\":\"WebPage\",\"@id\":\"https:\/\/autopedant.ee\/et\/toode\/ewocar-washmitt\/\",\"url\":\"https:\/\/autopedant.ee\/et\/toode\/ewocar-washmitt\/\",\"name\":\"Ewocar WashMitt Pesukinnas - Autopedant | Car Care Store\",\"isPartOf\":{\"@id\":\"https:\/\/autopedant.ee\/et\/#website\"},\"primaryImageOfPage\":{\"@id\":\"https:\/\/autopedant.ee\/et\/toode\/ewocar-washmitt\/#primaryimage\"},\"image\":{\"@id\":\"https:\/\/autopedant.ee\/et\/toode\/ewocar-washmitt\/#primaryimage\"},\"thumbnailUrl\":\"https:\/\/autopedant.ee\/wp-content\/uploads\/2024\/02\/ewocarwashmitt.jpg\",\"datePublished\":\"2024-02-13T09:49:02+00:00\",\"dateModified\":\"2024-02-15T05:44:06+00:00\",\"description\":\"Professional & high quality washing mitt that is soft, safe and efficient.K\u00f5rge kvaliteediga pehme mikrofiibrist autopesu pesukinnas, mis muudab auto pesemise v\u00e4ga ohutuks ning pakub samal ajal effektiivset \u0161ampoonikulu. \u00dclimalt pehme, t\u00f5stab mustust, et v\u00e4ltida kriimustusi.\",\"breadcrumb\":{\"@id\":\"https:\/\/autopedant.ee\/et\/toode\/ewocar-washmitt\/#breadcrumb\"},\"inLanguage\":\"et\",\"potentialAction\":[{\"@type\":\"ReadAction\",\"target\":[\"https:\/\/autopedant.ee\/et\/toode\/ewocar-washmitt\/\"]}]},{\"@type\":\"ImageObject\",\"inLanguage\":\"et\",\"@id\":\"https:\/\/autopedant.ee\/et\/toode\/ewocar-washmitt\/#primaryimage\",\"url\":\"https:\/\/autopedant.ee\/wp-content\/uploads\/2024\/02\/ewocarwashmitt.jpg\",\"contentUrl\":\"https:\/\/autopedant.ee\/wp-content\/uploads\/2024\/02\/ewocarwashmitt.jpg\",\"width\":468,\"height\":776},{\"@type\":\"BreadcrumbList\",\"@id\":\"https:\/\/autopedant.ee\/et\/toode\/ewocar-washmitt\/#breadcrumb\",\"itemListElement\":[{\"@type\":\"ListItem\",\"position\":1,\"name\":\"Esileht\",\"item\":\"https:\/\/autopedant.ee\/et\/\"},{\"@type\":\"ListItem\",\"position\":2,\"name\":\"Pood\",\"item\":\"https:\/\/autopedant.ee\/et\/shop-est\/\"},{\"@type\":\"ListItem\",\"position\":3,\"name\":\"Ewocar WashMitt Pesukinnas\"}]},{\"@type\":\"WebSite\",\"@id\":\"https:\/\/autopedant.ee\/et\/#website\",\"url\":\"https:\/\/autopedant.ee\/et\/\",\"name\":\"Autopedant\",\"description\":\"Where passion meets perfection!\",\"publisher\":{\"@id\":\"https:\/\/autopedant.ee\/et\/#organization\"},\"potentialAction\":[{\"@type\":\"SearchAction\",\"target\":{\"@type\":\"EntryPoint\",\"urlTemplate\":\"https:\/\/autopedant.ee\/et\/?s={search_term_string}\"},\"query-input\":{\"@type\":\"PropertyValueSpecification\",\"valueRequired\":true,\"valueName\":\"search_term_string\"}}],\"inLanguage\":\"et\"},{\"@type\":\"Organization\",\"@id\":\"https:\/\/autopedant.ee\/et\/#organization\",\"name\":\"Autopedant\",\"url\":\"https:\/\/autopedant.ee\/et\/\",\"logo\":{\"@type\":\"ImageObject\",\"inLanguage\":\"et\",\"@id\":\"https:\/\/autopedant.ee\/et\/#\/schema\/logo\/image\/\",\"url\":\"https:\/\/autopedant.ee\/wp-content\/uploads\/2017\/03\/fulllogo.png\",\"contentUrl\":\"https:\/\/autopedant.ee\/wp-content\/uploads\/2017\/03\/fulllogo.png\",\"width\":1136,\"height\":263,\"caption\":\"Autopedant\"},\"image\":{\"@id\":\"https:\/\/autopedant.ee\/et\/#\/schema\/logo\/image\/\"}}]}<\/script>\n<!-- \/ Yoast SEO plugin. -->","yoast_head_json":{"title":"Ewocar WashMitt Pesukinnas - Autopedant | Car Care Store","description":"Professional & high quality washing mitt that is soft, safe and efficient.K\u00f5rge kvaliteediga pehme mikrofiibrist autopesu pesukinnas, mis muudab auto pesemise v\u00e4ga ohutuks ning pakub samal ajal effektiivset \u0161ampoonikulu. \u00dclimalt pehme, t\u00f5stab mustust, et v\u00e4ltida kriimustusi.","robots":{"index":"index","follow":"follow","max-snippet":"max-snippet:-1","max-image-preview":"max-image-preview:large","max-video-preview":"max-video-preview:-1"},"canonical":"https:\/\/autopedant.ee\/et\/toode\/ewocar-washmitt\/","og_locale":"et_EE","og_type":"article","og_title":"Ewocar WashMitt Pesukinnas - Autopedant | Car Care Store","og_description":"Professional & high quality washing mitt that is soft, safe and efficient.K\u00f5rge kvaliteediga pehme mikrofiibrist autopesu pesukinnas, mis muudab auto pesemise v\u00e4ga ohutuks ning pakub samal ajal effektiivset \u0161ampoonikulu. \u00dclimalt pehme, t\u00f5stab mustust, et v\u00e4ltida kriimustusi.","og_url":"https:\/\/autopedant.ee\/et\/toode\/ewocar-washmitt\/","og_site_name":"Autopedant | Car Care Store","article_modified_time":"2024-02-15T05:44:06+00:00","og_image":[{"width":468,"height":776,"url":"https:\/\/autopedant.ee\/wp-content\/uploads\/2024\/02\/ewocarwashmitt.jpg","type":"image\/jpeg"}],"twitter_card":"summary_large_image","twitter_misc":{"Est. reading time":"1 minut"},"schema":{"@context":"https:\/\/schema.org","@graph":[{"@type":"WebPage","@id":"https:\/\/autopedant.ee\/et\/toode\/ewocar-washmitt\/","url":"https:\/\/autopedant.ee\/et\/toode\/ewocar-washmitt\/","name":"Ewocar WashMitt Pesukinnas - Autopedant | Car Care Store","isPartOf":{"@id":"https:\/\/autopedant.ee\/et\/#website"},"primaryImageOfPage":{"@id":"https:\/\/autopedant.ee\/et\/toode\/ewocar-washmitt\/#primaryimage"},"image":{"@id":"https:\/\/autopedant.ee\/et\/toode\/ewocar-washmitt\/#primaryimage"},"thumbnailUrl":"https:\/\/autopedant.ee\/wp-content\/uploads\/2024\/02\/ewocarwashmitt.jpg","datePublished":"2024-02-13T09:49:02+00:00","dateModified":"2024-02-15T05:44:06+00:00","description":"Professional & high quality washing mitt that is soft, safe and efficient.K\u00f5rge kvaliteediga pehme mikrofiibrist autopesu pesukinnas, mis muudab auto pesemise v\u00e4ga ohutuks ning pakub samal ajal effektiivset \u0161ampoonikulu. \u00dclimalt pehme, t\u00f5stab mustust, et v\u00e4ltida kriimustusi.","breadcrumb":{"@id":"https:\/\/autopedant.ee\/et\/toode\/ewocar-washmitt\/#breadcrumb"},"inLanguage":"et","potentialAction":[{"@type":"ReadAction","target":["https:\/\/autopedant.ee\/et\/toode\/ewocar-washmitt\/"]}]},{"@type":"ImageObject","inLanguage":"et","@id":"https:\/\/autopedant.ee\/et\/toode\/ewocar-washmitt\/#primaryimage","url":"https:\/\/autopedant.ee\/wp-content\/uploads\/2024\/02\/ewocarwashmitt.jpg","contentUrl":"https:\/\/autopedant.ee\/wp-content\/uploads\/2024\/02\/ewocarwashmitt.jpg","width":468,"height":776},{"@type":"BreadcrumbList","@id":"https:\/\/autopedant.ee\/et\/toode\/ewocar-washmitt\/#breadcrumb","itemListElement":[{"@type":"ListItem","position":1,"name":"Esileht","item":"https:\/\/autopedant.ee\/et\/"},{"@type":"ListItem","position":2,"name":"Pood","item":"https:\/\/autopedant.ee\/et\/shop-est\/"},{"@type":"ListItem","position":3,"name":"Ewocar WashMitt Pesukinnas"}]},{"@type":"WebSite","@id":"https:\/\/autopedant.ee\/et\/#website","url":"https:\/\/autopedant.ee\/et\/","name":"Autopedant","description":"Where passion meets perfection!","publisher":{"@id":"https:\/\/autopedant.ee\/et\/#organization"},"potentialAction":[{"@type":"SearchAction","target":{"@type":"EntryPoint","urlTemplate":"https:\/\/autopedant.ee\/et\/?s={search_term_string}"},"query-input":{"@type":"PropertyValueSpecification","valueRequired":true,"valueName":"search_term_string"}}],"inLanguage":"et"},{"@type":"Organization","@id":"https:\/\/autopedant.ee\/et\/#organization","name":"Autopedant","url":"https:\/\/autopedant.ee\/et\/","logo":{"@type":"ImageObject","inLanguage":"et","@id":"https:\/\/autopedant.ee\/et\/#\/schema\/logo\/image\/","url":"https:\/\/autopedant.ee\/wp-content\/uploads\/2017\/03\/fulllogo.png","contentUrl":"https:\/\/autopedant.ee\/wp-content\/uploads\/2017\/03\/fulllogo.png","width":1136,"height":263,"caption":"Autopedant"},"image":{"@id":"https:\/\/autopedant.ee\/et\/#\/schema\/logo\/image\/"}}]}},"_links":{"self":[{"href":"https:\/\/autopedant.ee\/et\/wp-json\/wp\/v2\/product\/9905","targetHints":{"allow":["GET"]}}],"collection":[{"href":"https:\/\/autopedant.ee\/et\/wp-json\/wp\/v2\/product"}],"about":[{"href":"https:\/\/autopedant.ee\/et\/wp-json\/wp\/v2\/types\/product"}],"replies":[{"embeddable":true,"href":"https:\/\/autopedant.ee\/et\/wp-json\/wp\/v2\/comments?post=9905"}],"version-history":[{"count":4,"href":"https:\/\/autopedant.ee\/et\/wp-json\/wp\/v2\/product\/9905\/revisions"}],"predecessor-version":[{"id":10150,"href":"https:\/\/autopedant.ee\/et\/wp-json\/wp\/v2\/product\/9905\/revisions\/10150"}],"wp:featuredmedia":[{"embeddable":true,"href":"https:\/\/autopedant.ee\/et\/wp-json\/wp\/v2\/media\/9903"}],"wp:attachment":[{"href":"https:\/\/autopedant.ee\/et\/wp-json\/wp\/v2\/media?parent=9905"}],"wp:term":[{"taxonomy":"brand","embeddable":true,"href":"https:\/\/autopedant.ee\/et\/wp-json\/wp\/v2\/etheme_brands?post=9905"},{"taxonomy":"product_brand","embeddable":true,"href":"https:\/\/autopedant.ee\/et\/wp-json\/wp\/v2\/product_brand?post=9905"},{"taxonomy":"product_cat","embeddable":true,"href":"https:\/\/autopedant.ee\/et\/wp-json\/wp\/v2\/product_cat?post=9905"},{"taxonomy":"product_tag","embeddable":true,"href":"https:\/\/autopedant.ee\/et\/wp-json\/wp\/v2\/product_tag?post=9905"},{"taxonomy":"supplier","embeddable":true,"href":"https:\/\/autopedant.ee\/et\/wp-json\/wp\/v2\/supplier?post=9905"}],"curies":[{"name":"wp","href":"https:\/\/api.w.org\/{rel}","templated":true}]}}