{"id":9945,"date":"2024-02-13T15:01:46","date_gmt":"2024-02-13T15:01:46","guid":{"rendered":"https:\/\/autopedant.ee\/product\/ewocar-bleed-iron-remover-500ml\/"},"modified":"2024-02-13T15:07:20","modified_gmt":"2024-02-13T15:07:20","slug":"ewocar-bleed-iron-remover-500ml","status":"publish","type":"product","link":"https:\/\/autopedant.ee\/et\/toode\/ewocar-bleed-iron-remover-500ml\/","title":{"rendered":"Ewocar Bleed Rauaj\u00e4\u00e4kide Eemaldaja 500ml"},"content":{"rendered":"<p>Ewocar Bleed on v\u00e4ga t\u00f5hus rauaeemaldaja, lendrooste eemaldi mis on loodud tugevate rauaj\u00e4\u00e4kide, nagu piduri- ja r\u00f6\u00f6patolmu kiireks ja ohutuks eemaldamiseks igat t\u00fc\u00fcpi pindadelt \u2013 v\u00e4rvilt, plastilt, kroomilt, klaasilt ja valuvelgedelt. Bleed on materjalis\u00f5bralik, seet\u00f5ttu saab seda kasutada m\u00e4\u00e4rdeainena koos puhastussavi v\u00f5i savikindaga auto pesuetapi k\u00e4igus. Rauapesu on \u00fcks v\u00e4ga oluline etapp nii ettavalmistusel kui ka hooldusel.<\/p>\n","protected":false},"excerpt":{"rendered":"<p>Ewocar Bleed on v\u00e4ga t\u00f5hus rauaeemaldaja, lendrooste eemaldi mis on loodud tugevate rauaj\u00e4\u00e4kide, nagu piduri- ja r\u00f6\u00f6patolmu kiireks ja ohutuks eemaldamiseks igat t\u00fc\u00fcpi pindadelt \u2013 v\u00e4rvilt, plastilt, kroomilt, klaasilt ja valuvelgedelt. Bleed on materjalis\u00f5bralik, seet\u00f5ttu saab seda kasutada m\u00e4\u00e4rdeainena koos puhastussavi v\u00f5i savikindaga auto pesuetapi k\u00e4igus. Rauapesu on \u00fcks v\u00e4ga oluline etapp nii ettavalmistusel kui ka hooldusel.<\/p>\n","protected":false},"featured_media":9943,"comment_status":"open","ping_status":"closed","template":"","meta":[],"etheme_brands":[{"term_id":121,"name":"Ewocar","slug":"ewocar-et","term_group":0,"term_taxonomy_id":121,"taxonomy":"brand","description":"","parent":0,"count":10,"filter":"raw"}],"product_brand":[],"product_cat":[118,86,103],"product_tag":[],"supplier":[122],"class_list":{"0":"post-9945","1":"product","2":"type-product","3":"status-publish","4":"has-post-thumbnail","6":"brand-ewocar-et","7":"product_cat-eelpesu","8":"product_cat-exterior-et","9":"product_cat-veljed-ja-rehvid","10":"supplier-ewocar-et","12":"first","13":"instock","14":"taxable","15":"shipping-taxable","16":"purchasable","17":"product-type-simple"},"bundled_by":[],"bundle_stock_status":"instock","bundle_stock_quantity":null,"bundle_virtual":false,"bundle_layout":"","bundle_add_to_cart_form_location":"","bundle_editable_in_cart":false,"bundle_sold_individually_context":"","bundle_item_grouping":"","bundle_min_size":"","bundle_max_size":"","bundle_price":[],"bundled_items":[],"bundle_sell_ids":[],"yoast_head":"<!-- This site is optimized with the Yoast SEO plugin v25.7 - https:\/\/yoast.com\/wordpress\/plugins\/seo\/ -->\n<title>Ewocar Bleed Rauaj\u00e4\u00e4kide Eemaldaja 500ml - Autopedant | Car Care Store<\/title>\n<meta name=\"description\" content=\"Ewocar Bleed on v\u00e4ga t\u00f5hus rauaeemaldaja, lendrooste eemaldi mis on loodud tugevate rauaj\u00e4\u00e4kide, nagu piduri- ja r\u00f6\u00f6patolmu kiireks ja ohutuks eemaldamiseks igat t\u00fc\u00fcpi pindadelt \u2013 v\u00e4rvilt, plastilt, kroomilt, klaasilt ja valuvelgedelt. Bleed on materjalis\u00f5bralik, seet\u00f5ttu saab seda kasutada m\u00e4\u00e4rdeainena koos puhastussavi v\u00f5i savikindaga auto pesuetapi k\u00e4igus. Rauapesu on \u00fcks v\u00e4ga oluline etapp nii ettavalmistusel kui ka hooldusel.\" \/>\n<meta name=\"robots\" content=\"index, follow, max-snippet:-1, max-image-preview:large, max-video-preview:-1\" \/>\n<link rel=\"canonical\" href=\"https:\/\/autopedant.ee\/et\/toode\/ewocar-bleed-iron-remover-500ml\/\" \/>\n<meta property=\"og:locale\" content=\"et_EE\" \/>\n<meta property=\"og:type\" content=\"article\" \/>\n<meta property=\"og:title\" content=\"Ewocar Bleed Rauaj\u00e4\u00e4kide Eemaldaja 500ml - Autopedant | Car Care Store\" \/>\n<meta property=\"og:description\" content=\"Ewocar Bleed on v\u00e4ga t\u00f5hus rauaeemaldaja, lendrooste eemaldi mis on loodud tugevate rauaj\u00e4\u00e4kide, nagu piduri- ja r\u00f6\u00f6patolmu kiireks ja ohutuks eemaldamiseks igat t\u00fc\u00fcpi pindadelt \u2013 v\u00e4rvilt, plastilt, kroomilt, klaasilt ja valuvelgedelt. Bleed on materjalis\u00f5bralik, seet\u00f5ttu saab seda kasutada m\u00e4\u00e4rdeainena koos puhastussavi v\u00f5i savikindaga auto pesuetapi k\u00e4igus. Rauapesu on \u00fcks v\u00e4ga oluline etapp nii ettavalmistusel kui ka hooldusel.\" \/>\n<meta property=\"og:url\" content=\"https:\/\/autopedant.ee\/et\/toode\/ewocar-bleed-iron-remover-500ml\/\" \/>\n<meta property=\"og:site_name\" content=\"Autopedant | Car Care Store\" \/>\n<meta property=\"article:modified_time\" content=\"2024-02-13T15:07:20+00:00\" \/>\n<meta property=\"og:image\" content=\"https:\/\/autopedant.ee\/wp-content\/uploads\/2024\/02\/ewocar_bleed.jpg\" \/>\n\t<meta property=\"og:image:width\" content=\"468\" \/>\n\t<meta property=\"og:image:height\" content=\"776\" \/>\n\t<meta property=\"og:image:type\" content=\"image\/jpeg\" \/>\n<meta name=\"twitter:card\" content=\"summary_large_image\" \/>\n<meta name=\"twitter:label1\" content=\"Est. reading time\" \/>\n\t<meta name=\"twitter:data1\" content=\"1 minut\" \/>\n<script type=\"application\/ld+json\" class=\"yoast-schema-graph\">{\"@context\":\"https:\/\/schema.org\",\"@graph\":[{\"@type\":\"WebPage\",\"@id\":\"https:\/\/autopedant.ee\/et\/toode\/ewocar-bleed-iron-remover-500ml\/\",\"url\":\"https:\/\/autopedant.ee\/et\/toode\/ewocar-bleed-iron-remover-500ml\/\",\"name\":\"Ewocar Bleed Rauaj\u00e4\u00e4kide Eemaldaja 500ml - Autopedant | Car Care Store\",\"isPartOf\":{\"@id\":\"https:\/\/autopedant.ee\/et\/#website\"},\"primaryImageOfPage\":{\"@id\":\"https:\/\/autopedant.ee\/et\/toode\/ewocar-bleed-iron-remover-500ml\/#primaryimage\"},\"image\":{\"@id\":\"https:\/\/autopedant.ee\/et\/toode\/ewocar-bleed-iron-remover-500ml\/#primaryimage\"},\"thumbnailUrl\":\"https:\/\/autopedant.ee\/wp-content\/uploads\/2024\/02\/ewocar_bleed.jpg\",\"datePublished\":\"2024-02-13T15:01:46+00:00\",\"dateModified\":\"2024-02-13T15:07:20+00:00\",\"description\":\"Ewocar Bleed on v\u00e4ga t\u00f5hus rauaeemaldaja, lendrooste eemaldi mis on loodud tugevate rauaj\u00e4\u00e4kide, nagu piduri- ja r\u00f6\u00f6patolmu kiireks ja ohutuks eemaldamiseks igat t\u00fc\u00fcpi pindadelt \u2013 v\u00e4rvilt, plastilt, kroomilt, klaasilt ja valuvelgedelt. Bleed on materjalis\u00f5bralik, seet\u00f5ttu saab seda kasutada m\u00e4\u00e4rdeainena koos puhastussavi v\u00f5i savikindaga auto pesuetapi k\u00e4igus. Rauapesu on \u00fcks v\u00e4ga oluline etapp nii ettavalmistusel kui ka hooldusel.\",\"breadcrumb\":{\"@id\":\"https:\/\/autopedant.ee\/et\/toode\/ewocar-bleed-iron-remover-500ml\/#breadcrumb\"},\"inLanguage\":\"et\",\"potentialAction\":[{\"@type\":\"ReadAction\",\"target\":[\"https:\/\/autopedant.ee\/et\/toode\/ewocar-bleed-iron-remover-500ml\/\"]}]},{\"@type\":\"ImageObject\",\"inLanguage\":\"et\",\"@id\":\"https:\/\/autopedant.ee\/et\/toode\/ewocar-bleed-iron-remover-500ml\/#primaryimage\",\"url\":\"https:\/\/autopedant.ee\/wp-content\/uploads\/2024\/02\/ewocar_bleed.jpg\",\"contentUrl\":\"https:\/\/autopedant.ee\/wp-content\/uploads\/2024\/02\/ewocar_bleed.jpg\",\"width\":468,\"height\":776},{\"@type\":\"BreadcrumbList\",\"@id\":\"https:\/\/autopedant.ee\/et\/toode\/ewocar-bleed-iron-remover-500ml\/#breadcrumb\",\"itemListElement\":[{\"@type\":\"ListItem\",\"position\":1,\"name\":\"Esileht\",\"item\":\"https:\/\/autopedant.ee\/et\/\"},{\"@type\":\"ListItem\",\"position\":2,\"name\":\"Pood\",\"item\":\"https:\/\/autopedant.ee\/et\/shop-est\/\"},{\"@type\":\"ListItem\",\"position\":3,\"name\":\"Ewocar Bleed Rauaj\u00e4\u00e4kide Eemaldaja 500ml\"}]},{\"@type\":\"WebSite\",\"@id\":\"https:\/\/autopedant.ee\/et\/#website\",\"url\":\"https:\/\/autopedant.ee\/et\/\",\"name\":\"Autopedant\",\"description\":\"Where passion meets perfection!\",\"publisher\":{\"@id\":\"https:\/\/autopedant.ee\/et\/#organization\"},\"potentialAction\":[{\"@type\":\"SearchAction\",\"target\":{\"@type\":\"EntryPoint\",\"urlTemplate\":\"https:\/\/autopedant.ee\/et\/?s={search_term_string}\"},\"query-input\":{\"@type\":\"PropertyValueSpecification\",\"valueRequired\":true,\"valueName\":\"search_term_string\"}}],\"inLanguage\":\"et\"},{\"@type\":\"Organization\",\"@id\":\"https:\/\/autopedant.ee\/et\/#organization\",\"name\":\"Autopedant\",\"url\":\"https:\/\/autopedant.ee\/et\/\",\"logo\":{\"@type\":\"ImageObject\",\"inLanguage\":\"et\",\"@id\":\"https:\/\/autopedant.ee\/et\/#\/schema\/logo\/image\/\",\"url\":\"https:\/\/autopedant.ee\/wp-content\/uploads\/2017\/03\/fulllogo.png\",\"contentUrl\":\"https:\/\/autopedant.ee\/wp-content\/uploads\/2017\/03\/fulllogo.png\",\"width\":1136,\"height\":263,\"caption\":\"Autopedant\"},\"image\":{\"@id\":\"https:\/\/autopedant.ee\/et\/#\/schema\/logo\/image\/\"}}]}<\/script>\n<!-- \/ Yoast SEO plugin. -->","yoast_head_json":{"title":"Ewocar Bleed Rauaj\u00e4\u00e4kide Eemaldaja 500ml - Autopedant | Car Care Store","description":"Ewocar Bleed on v\u00e4ga t\u00f5hus rauaeemaldaja, lendrooste eemaldi mis on loodud tugevate rauaj\u00e4\u00e4kide, nagu piduri- ja r\u00f6\u00f6patolmu kiireks ja ohutuks eemaldamiseks igat t\u00fc\u00fcpi pindadelt \u2013 v\u00e4rvilt, plastilt, kroomilt, klaasilt ja valuvelgedelt. Bleed on materjalis\u00f5bralik, seet\u00f5ttu saab seda kasutada m\u00e4\u00e4rdeainena koos puhastussavi v\u00f5i savikindaga auto pesuetapi k\u00e4igus. Rauapesu on \u00fcks v\u00e4ga oluline etapp nii ettavalmistusel kui ka hooldusel.","robots":{"index":"index","follow":"follow","max-snippet":"max-snippet:-1","max-image-preview":"max-image-preview:large","max-video-preview":"max-video-preview:-1"},"canonical":"https:\/\/autopedant.ee\/et\/toode\/ewocar-bleed-iron-remover-500ml\/","og_locale":"et_EE","og_type":"article","og_title":"Ewocar Bleed Rauaj\u00e4\u00e4kide Eemaldaja 500ml - Autopedant | Car Care Store","og_description":"Ewocar Bleed on v\u00e4ga t\u00f5hus rauaeemaldaja, lendrooste eemaldi mis on loodud tugevate rauaj\u00e4\u00e4kide, nagu piduri- ja r\u00f6\u00f6patolmu kiireks ja ohutuks eemaldamiseks igat t\u00fc\u00fcpi pindadelt \u2013 v\u00e4rvilt, plastilt, kroomilt, klaasilt ja valuvelgedelt. Bleed on materjalis\u00f5bralik, seet\u00f5ttu saab seda kasutada m\u00e4\u00e4rdeainena koos puhastussavi v\u00f5i savikindaga auto pesuetapi k\u00e4igus. Rauapesu on \u00fcks v\u00e4ga oluline etapp nii ettavalmistusel kui ka hooldusel.","og_url":"https:\/\/autopedant.ee\/et\/toode\/ewocar-bleed-iron-remover-500ml\/","og_site_name":"Autopedant | Car Care Store","article_modified_time":"2024-02-13T15:07:20+00:00","og_image":[{"width":468,"height":776,"url":"https:\/\/autopedant.ee\/wp-content\/uploads\/2024\/02\/ewocar_bleed.jpg","type":"image\/jpeg"}],"twitter_card":"summary_large_image","twitter_misc":{"Est. reading time":"1 minut"},"schema":{"@context":"https:\/\/schema.org","@graph":[{"@type":"WebPage","@id":"https:\/\/autopedant.ee\/et\/toode\/ewocar-bleed-iron-remover-500ml\/","url":"https:\/\/autopedant.ee\/et\/toode\/ewocar-bleed-iron-remover-500ml\/","name":"Ewocar Bleed Rauaj\u00e4\u00e4kide Eemaldaja 500ml - Autopedant | Car Care Store","isPartOf":{"@id":"https:\/\/autopedant.ee\/et\/#website"},"primaryImageOfPage":{"@id":"https:\/\/autopedant.ee\/et\/toode\/ewocar-bleed-iron-remover-500ml\/#primaryimage"},"image":{"@id":"https:\/\/autopedant.ee\/et\/toode\/ewocar-bleed-iron-remover-500ml\/#primaryimage"},"thumbnailUrl":"https:\/\/autopedant.ee\/wp-content\/uploads\/2024\/02\/ewocar_bleed.jpg","datePublished":"2024-02-13T15:01:46+00:00","dateModified":"2024-02-13T15:07:20+00:00","description":"Ewocar Bleed on v\u00e4ga t\u00f5hus rauaeemaldaja, lendrooste eemaldi mis on loodud tugevate rauaj\u00e4\u00e4kide, nagu piduri- ja r\u00f6\u00f6patolmu kiireks ja ohutuks eemaldamiseks igat t\u00fc\u00fcpi pindadelt \u2013 v\u00e4rvilt, plastilt, kroomilt, klaasilt ja valuvelgedelt. Bleed on materjalis\u00f5bralik, seet\u00f5ttu saab seda kasutada m\u00e4\u00e4rdeainena koos puhastussavi v\u00f5i savikindaga auto pesuetapi k\u00e4igus. Rauapesu on \u00fcks v\u00e4ga oluline etapp nii ettavalmistusel kui ka hooldusel.","breadcrumb":{"@id":"https:\/\/autopedant.ee\/et\/toode\/ewocar-bleed-iron-remover-500ml\/#breadcrumb"},"inLanguage":"et","potentialAction":[{"@type":"ReadAction","target":["https:\/\/autopedant.ee\/et\/toode\/ewocar-bleed-iron-remover-500ml\/"]}]},{"@type":"ImageObject","inLanguage":"et","@id":"https:\/\/autopedant.ee\/et\/toode\/ewocar-bleed-iron-remover-500ml\/#primaryimage","url":"https:\/\/autopedant.ee\/wp-content\/uploads\/2024\/02\/ewocar_bleed.jpg","contentUrl":"https:\/\/autopedant.ee\/wp-content\/uploads\/2024\/02\/ewocar_bleed.jpg","width":468,"height":776},{"@type":"BreadcrumbList","@id":"https:\/\/autopedant.ee\/et\/toode\/ewocar-bleed-iron-remover-500ml\/#breadcrumb","itemListElement":[{"@type":"ListItem","position":1,"name":"Esileht","item":"https:\/\/autopedant.ee\/et\/"},{"@type":"ListItem","position":2,"name":"Pood","item":"https:\/\/autopedant.ee\/et\/shop-est\/"},{"@type":"ListItem","position":3,"name":"Ewocar Bleed Rauaj\u00e4\u00e4kide Eemaldaja 500ml"}]},{"@type":"WebSite","@id":"https:\/\/autopedant.ee\/et\/#website","url":"https:\/\/autopedant.ee\/et\/","name":"Autopedant","description":"Where passion meets perfection!","publisher":{"@id":"https:\/\/autopedant.ee\/et\/#organization"},"potentialAction":[{"@type":"SearchAction","target":{"@type":"EntryPoint","urlTemplate":"https:\/\/autopedant.ee\/et\/?s={search_term_string}"},"query-input":{"@type":"PropertyValueSpecification","valueRequired":true,"valueName":"search_term_string"}}],"inLanguage":"et"},{"@type":"Organization","@id":"https:\/\/autopedant.ee\/et\/#organization","name":"Autopedant","url":"https:\/\/autopedant.ee\/et\/","logo":{"@type":"ImageObject","inLanguage":"et","@id":"https:\/\/autopedant.ee\/et\/#\/schema\/logo\/image\/","url":"https:\/\/autopedant.ee\/wp-content\/uploads\/2017\/03\/fulllogo.png","contentUrl":"https:\/\/autopedant.ee\/wp-content\/uploads\/2017\/03\/fulllogo.png","width":1136,"height":263,"caption":"Autopedant"},"image":{"@id":"https:\/\/autopedant.ee\/et\/#\/schema\/logo\/image\/"}}]}},"_links":{"self":[{"href":"https:\/\/autopedant.ee\/et\/wp-json\/wp\/v2\/product\/9945","targetHints":{"allow":["GET"]}}],"collection":[{"href":"https:\/\/autopedant.ee\/et\/wp-json\/wp\/v2\/product"}],"about":[{"href":"https:\/\/autopedant.ee\/et\/wp-json\/wp\/v2\/types\/product"}],"replies":[{"embeddable":true,"href":"https:\/\/autopedant.ee\/et\/wp-json\/wp\/v2\/comments?post=9945"}],"version-history":[{"count":2,"href":"https:\/\/autopedant.ee\/et\/wp-json\/wp\/v2\/product\/9945\/revisions"}],"predecessor-version":[{"id":9947,"href":"https:\/\/autopedant.ee\/et\/wp-json\/wp\/v2\/product\/9945\/revisions\/9947"}],"wp:featuredmedia":[{"embeddable":true,"href":"https:\/\/autopedant.ee\/et\/wp-json\/wp\/v2\/media\/9943"}],"wp:attachment":[{"href":"https:\/\/autopedant.ee\/et\/wp-json\/wp\/v2\/media?parent=9945"}],"wp:term":[{"taxonomy":"brand","embeddable":true,"href":"https:\/\/autopedant.ee\/et\/wp-json\/wp\/v2\/etheme_brands?post=9945"},{"taxonomy":"product_brand","embeddable":true,"href":"https:\/\/autopedant.ee\/et\/wp-json\/wp\/v2\/product_brand?post=9945"},{"taxonomy":"product_cat","embeddable":true,"href":"https:\/\/autopedant.ee\/et\/wp-json\/wp\/v2\/product_cat?post=9945"},{"taxonomy":"product_tag","embeddable":true,"href":"https:\/\/autopedant.ee\/et\/wp-json\/wp\/v2\/product_tag?post=9945"},{"taxonomy":"supplier","embeddable":true,"href":"https:\/\/autopedant.ee\/et\/wp-json\/wp\/v2\/supplier?post=9945"}],"curies":[{"name":"wp","href":"https:\/\/api.w.org\/{rel}","templated":true}]}}